{"id":666,"date":"2021-04-09T12:00:54","date_gmt":"2021-04-09T17:00:54","guid":{"rendered":"https:\/\/ons.pe\/wp1\/?post_type=product&#038;p=666"},"modified":"2021-09-03T23:01:53","modified_gmt":"2021-09-04T04:01:53","slug":"farmacoterapia","status":"publish","type":"product","link":"https:\/\/ons.pe\/wp1\/product\/farmacoterapia\/","title":{"rendered":"Farmacoterapia"},"content":{"rendered":"        <!-- wrt_print_rt_wp_responsive_tabs_func -->                \n                \n                \n                            \n            \n              <!-- wrt_print_rt_wp_responsive_tabs_style --><style>\n\n                    .tab_set4 .vresp-tabs-list{margin-left: 0px}\n                    .tab_set4 a{box-shadow:none;border-bottom:none}\n                    .tab_set4 h2heading.resp-tab-active span.resp-arrow{border-bottom:12px solid #428bca}\n                    .tab_set4 .vresp-tab-active span.resp-arrow{border-bottom:12px solid #428bca}\n                    .tab_set4 .resp-arrow{border-top:12px solid #ffffff}\n                    .tab_set4 .resp-tab-content{color:#000000;border:1px solid  #81d742}\n                    .tab_set4 .vresp-tab-item{color:#ffffff;background-color: #00aadd;}\n                    .tab_set4 .vresp-tab-content{color:#000000;border-color: #81d742}\n                    .tab_set4 .vresp-tabs-container{background-color: #ffffff}\n                    .tab_set4 .vresp-tabs-container h2heading{}\n                    .tab_set4 .vresp-tab-active{color:#ffffff;border-color:1px solid  #81d742;margin-right:-1px;margin-top:2px; border-right:none !important}\n                    .tab_set4 .resp-accordion.vresp-tab-active{color:#ffffff;border-color:1px solid  #81d742;margin-right:0px;margin-top:0px; }\n\n                    .tab_set4 .vresp-tab-content-active{color:#000000;background-color:#ffffff }\n                    .wrt_69d45b1b0da9c .resp-accordion{color:#ffffff;}\n                    .wrt_69d45b1b0da9c .resp-accordion.vresp-tab-active{color:#ffffff;border-right:1px solid  #81d742 !important }\n                     .tab_set4 .vresp-tab-item:hover{color:#428bca;background-color: #ffffff;border-left:4px solid  #81d742 !important ;border-top:1px solid  #81d742;border-bottom:1px solid  #81d742;padding:14px 14px;transition:none}\n                     .tab_set4 .vresp-tab-active{color:#428bca;background-color: #ffffff}\n                     \n                    @media only screen and (max-width: 768px) {\n                        \n                        .tab_set4  h2heading{background-color: #00aadd}\n                        .tab_set4 .vresp-tabs-container{background-color:unset }\n                        .tab_set4 .resp-accordion.vresp-tab-active{\n                            \n                           background-color: #ffffff ;\n                            border-top:3px solid #81d742;\n                           margin-top: 0px;\n                           color:#428bca;\n                        }\n                    }\n                    .tab_set4 .resp-accordion.resp-tab-active{\n                            \n                           background-color: #ffffff ;\n                           border-top:3px solid #81d742;\n                           margin-top: 0px;\n                           color:#428bca;\n                        }\n                        .tab_set4 .resp-accordion.resp-tab-active:first-child{\n                            \n                           border-top:4px solid #81d742;\n                         \n                        }\n                        \n                                                    .tab_set4 .resp-tab-content-active{\n\n                                background-color: #ffffff ;\n                            }\n\n                             .tab_set4 .resp-accordion{\n\n                                 background-color:#00aadd;\n                                 color:#ffffff;\n                             }\n                                         <\/style><!-- end wrt_print_rt_wp_responsive_tabs_style -->\n\n          \n                \n       \n                              \n            \n                        <div id=\"4_Tab\" class=\"wrt_69d45b1b0da9c 4_Tab\" style=\"visibility: hidden\" > <div data-tabido=\"tab_set4\" id=\"tab_set4_overlay\" class=\"overlay_\" style=\"background: #fff url('https:\/\/ons.pe\/wp1\/wp-content\/plugins\/responsive-horizontal-vertical-and-accordion-tabs\/images\/bx_loader.gif') no-repeat scroll 50% 50%;\" ><\/div><div id=\"tab_set4\" class=\"tab_set4\"><ul  class=\"resp-tabs-list  hor_tab_set4\"><li data-isajaxloaded=\"0\" data-tabid=\"32\">CRITERIOS PARA LA PRESCRIPCI\u00d3N DE ANTIBI\u00d3TICOS<\/li><li data-isajaxloaded=\"0\" data-tabid=\"33\">ANEST\u00c9SICOS LOCALES<\/li><li data-isajaxloaded=\"0\" data-tabid=\"34\">F\u00c1RMACOS DURANTE LA GESTACI\u00d3N Y LACTANCIA<\/li><li data-isajaxloaded=\"0\" data-tabid=\"35\">F\u00c1RMACOS EN EL ADULTO MAYOR<\/li><li data-isajaxloaded=\"0\" data-tabid=\"36\">ANTIBIOTICOTERAPIA<\/li><li data-isajaxloaded=\"0\" data-tabid=\"37\">MANEJO DEL DOLOR Y EDEMA<\/li><\/ul><div class=\" resp-tabs-container hor_tab_set4\"><div id=\"tab_tab_set4_32\"><p>Fisiolog\u00eda y farmacocin\u00e9tica. Conceptos b\u00e1sicos de farmacoterapia. Farmacovigilancia de interacciones medicamentosas en Colombia. Metabolismo, absorci\u00f3n y excreci\u00f3n de los f\u00e1rmacos. Interacciones entre antimicrobianos. Candidiasis bucal. Farmacolog\u00eda cl\u00ednica para el reci\u00e9n egresado.<\/p>\n<\/div><div id=\"tab_tab_set4_33\"><p>C\u00f3mo se produce el efecto anest\u00e9sico. Anest\u00e9sicos derivados del \u00e1cido para-aminobenzoico. Anest\u00e9sicos derivados del tiophene. Lidoca\u00edna y artica\u00edna. Dosis m\u00e1xima de anest\u00e9sicos locales. Reacciones de toxicidad. Previsi\u00f3n de complicaciones cardiovasculares.<\/p>\n<\/div><div id=\"tab_tab_set4_34\"><p>Uso de f\u00e1rmacos durante la gestaci\u00f3n. Farmacoterapia durante la gestaci\u00f3n. Cambios orales en gestantes. Farmacoterapia durante la lactancia materna. Verdades y mitos del manejo dental en gestantes.<\/p>\n<\/div><div id=\"tab_tab_set4_35\"><p>Farmacoterapia en el adulto mayor. Candidiasis bucal. Farmacoterapia en el adulto mayor. Aspectos actuales en el s\u00edndrome de Sjogren. S\u00edndrome de Sjogren. Lornoxicam y diclofenaco en pacientes card\u00edacos. <\/p>\n<\/div><div id=\"tab_tab_set4_36\"><p>Diagn\u00f3stico de infecciones faciales. Infecciones de origen aerobio. Miiasis maxilar. Drenaje de absceso dentario agudo. Infecciones de origen anaerobio. Absceso post bichectom\u00eda. Betalactamasa. Manejo de una r\u00e1nula infectada. Atlas de infecciones y c\u00f3mo recetar antibi\u00f3ticos.<\/p>\n<\/div><div id=\"tab_tab_set4_37\"><p>Fisiopatolog\u00eda del dolor y edema. Manejo del dolor y edema. Dexametasona post operatoria en cirug\u00edas maxilares. Manejo de complicaciones post cirug\u00eda. Farmacoterapia para el dolor y edema. Atlas de terapia analg\u00e9sica y antiinflamatoria.<\/p>\n<\/div><\/div><\/div><\/div>         \n            <!-- wrt_print_rt_wp_responsive_tabs_script --><script type=\"text\/javascript\">\n\n                              \n                var interval_69d45b1b0dc54 = setInterval(function() {\n\n                 if(document.readyState === 'complete') {\n                     \n                    clearInterval(interval_69d45b1b0dc54);\n                   \n                     jQuery('.tab_set4').easyResponsiveTabs({\n\n                          type: 'accordion', \/\/Types: default, vertical, accordion\n                          width: 'auto', \/\/auto or any width like 600px\n                          fit: true, \/\/ 100% fit in a container\n                          closed: 'accordion', \/\/ Start closed if in accordion view\n                          tabidentify: 'hor_tab_set4', \/\/ The tab groups identifier\n                          active_border_color: '#81d742',\n                          active_content_border_color: '#81d742',\n                          activetab_bg: '#ffffff',\n                          inactive_bg: '#00aadd'\n\n                      });\n\n                     \n                    \n                                            \n                        setTimeout(function(){ \n                        \n                        \n                         \n                         jQuery(\".tab_set4\").find('[data-tabid=\"32\"]:first').trigger('click');\n                          jQuery(\".tab_set4\").css('visibility', 'visible'); \n\n                        }, 800);\n\n                        \n                        \n                        \n                        \n                  \n                  \n                      \n                   }    \n                }, 100); \n                   \n            <\/script><!-- end wrt_print_rt_wp_responsive_tabs_script -->\n         \n               \n                \n<!-- end wrt_print_rt_wp_responsive_tabs_func -->\n    \n","protected":false},"excerpt":{"rendered":"<p>CONTENIDO:<br \/>\nE01 Criterios para la prescripci\u00f3n de f\u00e1rmacos<br \/>\nE02 Anest\u00e9sicos locales<br \/>\nE03 F\u00e1rmacos durante la gestaci\u00f3n y lactancia<br \/>\nE04 F\u00e1rmacos en el adulto mayor<br \/>\nE05 Antibiotico terapia<br \/>\nE06 Manejo del dolor y edema<br \/>\nE07 Modelo del dolor dental en la atenci\u00f3n diaria<br \/>\nE08 F\u00e1rmacos en el paciente diab\u00e9tico<br \/>\nE09 Hemorragia y hemostasia<br \/>\nE10 Reacciones de hipersensibilidad<br \/>\nE11 F\u00e1rmacos t\u00f3picos de uso odontol\u00f3gico<\/p>\n","protected":false},"featured_media":838,"comment_status":"closed","ping_status":"closed","template":"","meta":{"site-sidebar-layout":"default","site-content-layout":"default","ast-site-content-layout":"default","site-content-style":"default","site-sidebar-style":"default","ast-global-header-display":"","ast-banner-title-visibility":"","ast-main-header-display":"","ast-hfb-above-header-display":"","ast-hfb-below-header-display":"","ast-hfb-mobile-header-display":"","site-post-title":"","ast-breadcrumbs-content":"","ast-featured-img":"","footer-sml-layout":"","ast-disable-related-posts":"","theme-transparent-header-meta":"default","adv-header-id-meta":"","stick-header-meta":"","header-above-stick-meta":"","header-main-stick-meta":"","header-below-stick-meta":"","astra-migrate-meta-layouts":"default","ast-page-background-enabled":"default","ast-page-background-meta":{"desktop":{"background-color":"","background-image":"","background-repeat":"repeat","background-position":"center center","background-size":"auto","background-attachment":"scroll","background-type":"","background-media":"","overlay-type":"","overlay-color":"","overlay-opacity":"","overlay-gradient":""},"tablet":{"background-color":"","background-image":"","background-repeat":"repeat","background-position":"center center","background-size":"auto","background-attachment":"scroll","background-type":"","background-media":"","overlay-type":"","overlay-color":"","overlay-opacity":"","overlay-gradient":""},"mobile":{"background-color":"","background-image":"","background-repeat":"repeat","background-position":"center center","background-size":"auto","background-attachment":"scroll","background-type":"","background-media":"","overlay-type":"","overlay-color":"","overlay-opacity":"","overlay-gradient":""}},"ast-content-background-meta":{"desktop":{"background-color":"var(--ast-global-color-5)","background-image":"","background-repeat":"repeat","background-position":"center center","background-size":"auto","background-attachment":"scroll","background-type":"","background-media":"","overlay-type":"","overlay-color":"","overlay-opacity":"","overlay-gradient":""},"tablet":{"background-color":"var(--ast-global-color-5)","background-image":"","background-repeat":"repeat","background-position":"center center","background-size":"auto","background-attachment":"scroll","background-type":"","background-media":"","overlay-type":"","overlay-color":"","overlay-opacity":"","overlay-gradient":""},"mobile":{"background-color":"var(--ast-global-color-5)","background-image":"","background-repeat":"repeat","background-position":"center center","background-size":"auto","background-attachment":"scroll","background-type":"","background-media":"","overlay-type":"","overlay-color":"","overlay-opacity":"","overlay-gradient":""}}},"product_brand":[],"product_cat":[38,34],"product_tag":[],"class_list":{"0":"post-666","1":"product","2":"type-product","3":"status-publish","4":"has-post-thumbnail","6":"product_cat-curso-integral","7":"product_cat-farmacoterapia","8":"desktop-align-left","9":"tablet-align-left","10":"mobile-align-left","12":"first","13":"instock","14":"featured","15":"virtual","16":"sold-individually","17":"taxable","18":"purchasable","19":"product-type-simple"},"_links":{"self":[{"href":"https:\/\/ons.pe\/wp1\/wp-json\/wp\/v2\/product\/666","targetHints":{"allow":["GET"]}}],"collection":[{"href":"https:\/\/ons.pe\/wp1\/wp-json\/wp\/v2\/product"}],"about":[{"href":"https:\/\/ons.pe\/wp1\/wp-json\/wp\/v2\/types\/product"}],"replies":[{"embeddable":true,"href":"https:\/\/ons.pe\/wp1\/wp-json\/wp\/v2\/comments?post=666"}],"wp:featuredmedia":[{"embeddable":true,"href":"https:\/\/ons.pe\/wp1\/wp-json\/wp\/v2\/media\/838"}],"wp:attachment":[{"href":"https:\/\/ons.pe\/wp1\/wp-json\/wp\/v2\/media?parent=666"}],"wp:term":[{"taxonomy":"product_brand","embeddable":true,"href":"https:\/\/ons.pe\/wp1\/wp-json\/wp\/v2\/product_brand?post=666"},{"taxonomy":"product_cat","embeddable":true,"href":"https:\/\/ons.pe\/wp1\/wp-json\/wp\/v2\/product_cat?post=666"},{"taxonomy":"product_tag","embeddable":true,"href":"https:\/\/ons.pe\/wp1\/wp-json\/wp\/v2\/product_tag?post=666"}],"curies":[{"name":"wp","href":"https:\/\/api.w.org\/{rel}","templated":true}]}}