{"id":657,"date":"2021-04-09T11:33:07","date_gmt":"2021-04-09T16:33:07","guid":{"rendered":"https:\/\/ons.pe\/wp1\/?post_type=product&#038;p=657"},"modified":"2021-09-03T22:50:24","modified_gmt":"2021-09-04T03:50:24","slug":"diagnostico-clinico-radiografico-y-tomografico","status":"publish","type":"product","link":"https:\/\/ons.pe\/wp1\/product\/diagnostico-clinico-radiografico-y-tomografico\/","title":{"rendered":"Diagn\u00f3stico cl\u00ednico, radiogr\u00e1fico y tomogr\u00e1fico"},"content":{"rendered":"        <!-- wrt_print_rt_wp_responsive_tabs_func -->                \n                \n                \n                            \n            \n              <!-- wrt_print_rt_wp_responsive_tabs_style --><style>\n\n                    .tab_set3 .vresp-tabs-list{margin-left: 0px}\n                    .tab_set3 a{box-shadow:none;border-bottom:none}\n                    .tab_set3 h2heading.resp-tab-active span.resp-arrow{border-bottom:12px solid #428bca}\n                    .tab_set3 .vresp-tab-active span.resp-arrow{border-bottom:12px solid #428bca}\n                    .tab_set3 .resp-arrow{border-top:12px solid #ffffff}\n                    .tab_set3 .resp-tab-content{color:#000000;border:1px solid  #81d742}\n                    .tab_set3 .vresp-tab-item{color:#ffffff;background-color: #00aadd;}\n                    .tab_set3 .vresp-tab-content{color:#000000;border-color: #81d742}\n                    .tab_set3 .vresp-tabs-container{background-color: #ffffff}\n                    .tab_set3 .vresp-tabs-container h2heading{}\n                    .tab_set3 .vresp-tab-active{color:#ffffff;border-color:1px solid  #81d742;margin-right:-1px;margin-top:2px; border-right:none !important}\n                    .tab_set3 .resp-accordion.vresp-tab-active{color:#ffffff;border-color:1px solid  #81d742;margin-right:0px;margin-top:0px; }\n\n                    .tab_set3 .vresp-tab-content-active{color:#000000;background-color:#ffffff }\n                    .wrt_69d4764c2bd67 .resp-accordion{color:#ffffff;}\n                    .wrt_69d4764c2bd67 .resp-accordion.vresp-tab-active{color:#ffffff;border-right:1px solid  #81d742 !important }\n                     .tab_set3 .vresp-tab-item:hover{color:#428bca;background-color: #ffffff;border-left:4px solid  #81d742 !important ;border-top:1px solid  #81d742;border-bottom:1px solid  #81d742;padding:14px 14px;transition:none}\n                     .tab_set3 .vresp-tab-active{color:#428bca;background-color: #ffffff}\n                     \n                    @media only screen and (max-width: 768px) {\n                        \n                        .tab_set3  h2heading{background-color: #00aadd}\n                        .tab_set3 .vresp-tabs-container{background-color:unset }\n                        .tab_set3 .resp-accordion.vresp-tab-active{\n                            \n                           background-color: #ffffff ;\n                            border-top:3px solid #81d742;\n                           margin-top: 0px;\n                           color:#428bca;\n                        }\n                    }\n                    .tab_set3 .resp-accordion.resp-tab-active{\n                            \n                           background-color: #ffffff ;\n                           border-top:3px solid #81d742;\n                           margin-top: 0px;\n                           color:#428bca;\n                        }\n                        .tab_set3 .resp-accordion.resp-tab-active:first-child{\n                            \n                           border-top:4px solid #81d742;\n                         \n                        }\n                        \n                                                    .tab_set3 .resp-tab-content-active{\n\n                                background-color: #ffffff ;\n                            }\n\n                             .tab_set3 .resp-accordion{\n\n                                 background-color:#00aadd;\n                                 color:#ffffff;\n                             }\n                                         <\/style><!-- end wrt_print_rt_wp_responsive_tabs_style -->\n\n          \n                \n       \n                              \n            \n                        <div id=\"3_Tab\" class=\"wrt_69d4764c2bd67 3_Tab\" style=\"visibility: hidden\" > <div data-tabido=\"tab_set3\" id=\"tab_set3_overlay\" class=\"overlay_\" style=\"background: #fff url('https:\/\/ons.pe\/wp1\/wp-content\/plugins\/responsive-horizontal-vertical-and-accordion-tabs\/images\/bx_loader.gif') no-repeat scroll 50% 50%;\" ><\/div><div id=\"tab_set3\" class=\"tab_set3\"><ul  class=\"resp-tabs-list  hor_tab_set3\"><li data-isajaxloaded=\"0\" data-tabid=\"26\">C\u00d3MO HACER EL EXAMEN CLINICO AL PACIENTE<\/li><li data-isajaxloaded=\"0\" data-tabid=\"27\">C\u00d3MO HACER EL DIAGN\u00d3STICO CL\u00cdNICO DE LA BOCA I<\/li><li data-isajaxloaded=\"0\" data-tabid=\"28\">C\u00d3MO HACER EL DIAGN\u00d3STICO CL\u00cdNICO DE LA BOCA II<\/li><li data-isajaxloaded=\"0\" data-tabid=\"29\">DIAGN\u00d3STICO RADIOGR\u00c1FICO Y TOMOGR\u00c1FICO<\/li><li data-isajaxloaded=\"0\" data-tabid=\"30\">C\u00c1NCER BUCAL DIAGN\u00d3STICO<\/li><li data-isajaxloaded=\"0\" data-tabid=\"31\">TELEMEDICINA Y TELEODONTOLOG\u00cdA<\/li><\/ul><div class=\" resp-tabs-container hor_tab_set3\"><div id=\"tab_tab_set3_26\"><p>Aspecto general, cr\u00e1neo y cara. Examen cl\u00ednico de la cara. Examen cl\u00ednico de la piel y faneras. Examen cl\u00ednico del cuello. Cadena ganglionar de la cara y cuello. Examen cl\u00ednico estomatol\u00f3gico del vest\u00edbulo. Examen cl\u00ednico del carrillo, paladar, istmo de las fauces y lengua. Examen cl\u00ednico de los dientes y la oclusi\u00f3n dentaria.<\/p>\n<\/div><div id=\"tab_tab_set3_27\"><p>Lesiones planas de la mucosa: mancha mel\u00e1nica, mancha hemorr\u00e1gica, l\u00e9ntigo, ef\u00e9lides. Lesiones deprimidas de la mucosa: \u00falcera, ulceraci\u00f3n, cicatriz, atrofia, f\u00edstula. Lesiones elevadas de la mucosa: p\u00e1pula, vegetaci\u00f3n, tumor, necrosis, necrobiosis. Condiciones orales de los pacientes hematol\u00f3gicos.<\/p>\n<\/div><div id=\"tab_tab_set3_28\"><p>Oportunidad del diagn\u00f3stico. Naturaleza de la enfermedad: trauma, infecci\u00f3n, neoplasia benigna, neoplasia maligna, autoinmune, degenerativa, cong\u00e9nita. Riesgo quir\u00fargico (clasificaci\u00f3n del estado sist\u00e9mico ASA American Society of Anesthesiology). Actualizaci\u00f3n del protocolo de RCP o reanimaci\u00f3n cardiopulmonar.<\/p>\n<\/div><div id=\"tab_tab_set3_29\"><p>C\u00f3mo leer una radiograf\u00eda panor\u00e1mica. Fundamentos de la tomograf\u00eda computarizada. C\u00f3mo leer la tomograf\u00eda de un canino retenido. Correlaci\u00f3n de la radiograf\u00eda panor\u00e1mica y la tomograf\u00eda. Diagn\u00f3stico tomogr\u00e1fico en cirug\u00eda oral. Diagn\u00f3stico tomogr\u00e1fico avanzado. Localizaci\u00f3n de dientes retenidos mediante la tomograf\u00eda. C\u00f3mo localizar el trayecto del conducto dentario inferior con el software Blue Sky Plan. Tomograf\u00eda y topograf\u00eda del conducto dentario inferior.<\/p>\n<\/div><div id=\"tab_tab_set3_30\"><p>Lesiones deprimidas de los tejidos de la boca: \u00falcera, necrosis, eritroplasia, leucoplasia. C\u00e1ncer bucal. Lesiones en los tejidos blandos de masticadores de coca. pH salival, abrasi\u00f3n dentaria y caries en masticadores de coca. Carcinoma epidermoide.<\/p>\n<\/div><div id=\"tab_tab_set3_31\"><p>Telemedicina antes y despu\u00e9s del COVID-19. Manual de implementaci\u00f3n de telemedicina. El mundo en 3D. El mundo y la odontolog\u00eda 3D.<\/p>\n<\/div><\/div><\/div><\/div>         \n            <!-- wrt_print_rt_wp_responsive_tabs_script --><script type=\"text\/javascript\">\n\n                              \n                var interval_69d4764c2bf8d = setInterval(function() {\n\n                 if(document.readyState === 'complete') {\n                     \n                    clearInterval(interval_69d4764c2bf8d);\n                   \n                     jQuery('.tab_set3').easyResponsiveTabs({\n\n                          type: 'accordion', \/\/Types: default, vertical, accordion\n                          width: 'auto', \/\/auto or any width like 600px\n                          fit: true, \/\/ 100% fit in a container\n                          closed: 'accordion', \/\/ Start closed if in accordion view\n                          tabidentify: 'hor_tab_set3', \/\/ The tab groups identifier\n                          active_border_color: '#81d742',\n                          active_content_border_color: '#81d742',\n                          activetab_bg: '#ffffff',\n                          inactive_bg: '#00aadd'\n\n                      });\n\n                     \n                    \n                                            \n                        setTimeout(function(){ \n                        \n                        \n                         \n                         jQuery(\".tab_set3\").find('[data-tabid=\"\"]:first').trigger('click');\n                          jQuery(\".tab_set3\").css('visibility', 'visible'); \n\n                        }, 800);\n\n                        \n                        \n                        \n                        \n                  \n                  \n                      \n                   }    \n                }, 100); \n                   \n            <\/script><!-- end wrt_print_rt_wp_responsive_tabs_script -->\n         \n               \n                \n<!-- end wrt_print_rt_wp_responsive_tabs_func -->\n    \n","protected":false},"excerpt":{"rendered":"<p>CONTENIDO:<\/p>\n<p>D01 C\u00f3mo hacer el Examen cl\u00ednico al paciente<br \/>\nD02 C\u00f3mo hacer el diagn\u00f3stico cl\u00ednico de la boca I<br \/>\nD03 C\u00f3mo hacer el diagn\u00f3stico cl\u00ednico de la boca II<br \/>\nD04 Diagn\u00f3stico radiogr\u00e1fico y tomogr\u00e1fico<br \/>\nD05 C\u00e1ncer bucal diagn\u00f3stico<br \/>\nD06 Telemedicina y tele odontolog\u00eda<\/p>\n","protected":false},"featured_media":1462,"comment_status":"closed","ping_status":"closed","template":"","meta":{"site-sidebar-layout":"default","site-content-layout":"default","ast-site-content-layout":"default","site-content-style":"default","site-sidebar-style":"default","ast-global-header-display":"","ast-banner-title-visibility":"","ast-main-header-display":"","ast-hfb-above-header-display":"","ast-hfb-below-header-display":"","ast-hfb-mobile-header-display":"","site-post-title":"","ast-breadcrumbs-content":"","ast-featured-img":"","footer-sml-layout":"","ast-disable-related-posts":"","theme-transparent-header-meta":"default","adv-header-id-meta":"","stick-header-meta":"","header-above-stick-meta":"","header-main-stick-meta":"","header-below-stick-meta":"","astra-migrate-meta-layouts":"default","ast-page-background-enabled":"default","ast-page-background-meta":{"desktop":{"background-color":"","background-image":"","background-repeat":"repeat","background-position":"center center","background-size":"auto","background-attachment":"scroll","background-type":"","background-media":"","overlay-type":"","overlay-color":"","overlay-opacity":"","overlay-gradient":""},"tablet":{"background-color":"","background-image":"","background-repeat":"repeat","background-position":"center center","background-size":"auto","background-attachment":"scroll","background-type":"","background-media":"","overlay-type":"","overlay-color":"","overlay-opacity":"","overlay-gradient":""},"mobile":{"background-color":"","background-image":"","background-repeat":"repeat","background-position":"center center","background-size":"auto","background-attachment":"scroll","background-type":"","background-media":"","overlay-type":"","overlay-color":"","overlay-opacity":"","overlay-gradient":""}},"ast-content-background-meta":{"desktop":{"background-color":"var(--ast-global-color-5)","background-image":"","background-repeat":"repeat","background-position":"center center","background-size":"auto","background-attachment":"scroll","background-type":"","background-media":"","overlay-type":"","overlay-color":"","overlay-opacity":"","overlay-gradient":""},"tablet":{"background-color":"var(--ast-global-color-5)","background-image":"","background-repeat":"repeat","background-position":"center center","background-size":"auto","background-attachment":"scroll","background-type":"","background-media":"","overlay-type":"","overlay-color":"","overlay-opacity":"","overlay-gradient":""},"mobile":{"background-color":"var(--ast-global-color-5)","background-image":"","background-repeat":"repeat","background-position":"center center","background-size":"auto","background-attachment":"scroll","background-type":"","background-media":"","overlay-type":"","overlay-color":"","overlay-opacity":"","overlay-gradient":""}}},"product_brand":[],"product_cat":[38,32],"product_tag":[],"class_list":{"0":"post-657","1":"product","2":"type-product","3":"status-publish","4":"has-post-thumbnail","6":"product_cat-curso-integral","7":"product_cat-diagnostico-clinico","8":"desktop-align-left","9":"tablet-align-left","10":"mobile-align-left","12":"first","13":"instock","14":"featured","15":"virtual","16":"sold-individually","17":"taxable","18":"purchasable","19":"product-type-simple"},"_links":{"self":[{"href":"https:\/\/ons.pe\/wp1\/wp-json\/wp\/v2\/product\/657","targetHints":{"allow":["GET"]}}],"collection":[{"href":"https:\/\/ons.pe\/wp1\/wp-json\/wp\/v2\/product"}],"about":[{"href":"https:\/\/ons.pe\/wp1\/wp-json\/wp\/v2\/types\/product"}],"replies":[{"embeddable":true,"href":"https:\/\/ons.pe\/wp1\/wp-json\/wp\/v2\/comments?post=657"}],"wp:featuredmedia":[{"embeddable":true,"href":"https:\/\/ons.pe\/wp1\/wp-json\/wp\/v2\/media\/1462"}],"wp:attachment":[{"href":"https:\/\/ons.pe\/wp1\/wp-json\/wp\/v2\/media?parent=657"}],"wp:term":[{"taxonomy":"product_brand","embeddable":true,"href":"https:\/\/ons.pe\/wp1\/wp-json\/wp\/v2\/product_brand?post=657"},{"taxonomy":"product_cat","embeddable":true,"href":"https:\/\/ons.pe\/wp1\/wp-json\/wp\/v2\/product_cat?post=657"},{"taxonomy":"product_tag","embeddable":true,"href":"https:\/\/ons.pe\/wp1\/wp-json\/wp\/v2\/product_tag?post=657"}],"curies":[{"name":"wp","href":"https:\/\/api.w.org\/{rel}","templated":true}]}}