{"id":3493,"date":"2021-08-04T13:01:58","date_gmt":"2021-08-04T18:01:58","guid":{"rendered":"https:\/\/ons.pe\/wp1\/?post_type=product&#038;p=3493"},"modified":"2021-08-04T13:10:02","modified_gmt":"2021-08-04T18:10:02","slug":"g03-infecciones-virales-en-la-boca","status":"publish","type":"product","link":"https:\/\/ons.pe\/wp1\/product\/g03-infecciones-virales-en-la-boca\/","title":{"rendered":"G03 INFECCIONES VIRALES EN LA BOCA"},"content":{"rendered":"<ul>\n<li>G301-1 Virosis de la cavidad bucal<\/li>\n<li>G302-1 Infecciones virales en boca<\/li>\n<li>G303-1 Modelo pre cl\u00ednico para estudio del virus herpes simple<\/li>\n<li>G304-1 Asociaci\u00f3n at\u00edpica de herpes virus-2 y lesi\u00f3n retinal<\/li>\n<li>G305-1 Epidemiolog\u00eda y cl\u00ednica del herpes zoster en pacientes terciarios<\/li>\n<li>G306-1 Asociaci\u00f3n de herpes virus y periodontitis agresiva<\/li>\n<li>G307-1 COVID-19 Manifestaciones secundarias en boca<\/li>\n<li>G308-1 Exantema similar a varicela en COVID-19<\/li>\n<li>G309-1 Manifestaciones orales en el COVID-19<\/li>\n<\/ul>\n","protected":false},"excerpt":{"rendered":"<p>Virosis de la cavidad bucal. Infecciones virales en boca. Diagn\u00f3stico y tratamiento del herpes virus, herpes zoster y otras virosis. Manifestaciones bucales secundarias en el paciente con COVID-19. Exantema similar a varicela en el COVID-19. Manifestaciones orales en el COVID-19.<\/p>\n","protected":false},"featured_media":3513,"comment_status":"closed","ping_status":"closed","template":"","meta":{"site-sidebar-layout":"default","site-content-layout":"default","ast-site-content-layout":"default","site-content-style":"default","site-sidebar-style":"default","ast-global-header-display":"","ast-banner-title-visibility":"","ast-main-header-display":"","ast-hfb-above-header-display":"","ast-hfb-below-header-display":"","ast-hfb-mobile-header-display":"","site-post-title":"","ast-breadcrumbs-content":"","ast-featured-img":"","footer-sml-layout":"","ast-disable-related-posts":"","theme-transparent-header-meta":"default","adv-header-id-meta":"","stick-header-meta":"","header-above-stick-meta":"","header-main-stick-meta":"","header-below-stick-meta":"","astra-migrate-meta-layouts":"default","ast-page-background-enabled":"default","ast-page-background-meta":{"desktop":{"background-color":"","background-image":"","background-repeat":"repeat","background-position":"center center","background-size":"auto","background-attachment":"scroll","background-type":"","background-media":"","overlay-type":"","overlay-color":"","overlay-opacity":"","overlay-gradient":""},"tablet":{"background-color":"","background-image":"","background-repeat":"repeat","background-position":"center center","background-size":"auto","background-attachment":"scroll","background-type":"","background-media":"","overlay-type":"","overlay-color":"","overlay-opacity":"","overlay-gradient":""},"mobile":{"background-color":"","background-image":"","background-repeat":"repeat","background-position":"center center","background-size":"auto","background-attachment":"scroll","background-type":"","background-media":"","overlay-type":"","overlay-color":"","overlay-opacity":"","overlay-gradient":""}},"ast-content-background-meta":{"desktop":{"background-color":"var(--ast-global-color-5)","background-image":"","background-repeat":"repeat","background-position":"center center","background-size":"auto","background-attachment":"scroll","background-type":"","background-media":"","overlay-type":"","overlay-color":"","overlay-opacity":"","overlay-gradient":""},"tablet":{"background-color":"var(--ast-global-color-5)","background-image":"","background-repeat":"repeat","background-position":"center center","background-size":"auto","background-attachment":"scroll","background-type":"","background-media":"","overlay-type":"","overlay-color":"","overlay-opacity":"","overlay-gradient":""},"mobile":{"background-color":"var(--ast-global-color-5)","background-image":"","background-repeat":"repeat","background-position":"center center","background-size":"auto","background-attachment":"scroll","background-type":"","background-media":"","overlay-type":"","overlay-color":"","overlay-opacity":"","overlay-gradient":""}}},"product_brand":[],"product_cat":[36],"product_tag":[],"class_list":{"0":"post-3493","1":"product","2":"type-product","3":"status-publish","4":"has-post-thumbnail","6":"product_cat-infecciones","7":"desktop-align-left","8":"tablet-align-left","9":"mobile-align-left","11":"first","12":"instock","13":"virtual","14":"sold-individually","15":"taxable","16":"purchasable","17":"product-type-simple"},"_links":{"self":[{"href":"https:\/\/ons.pe\/wp1\/wp-json\/wp\/v2\/product\/3493","targetHints":{"allow":["GET"]}}],"collection":[{"href":"https:\/\/ons.pe\/wp1\/wp-json\/wp\/v2\/product"}],"about":[{"href":"https:\/\/ons.pe\/wp1\/wp-json\/wp\/v2\/types\/product"}],"replies":[{"embeddable":true,"href":"https:\/\/ons.pe\/wp1\/wp-json\/wp\/v2\/comments?post=3493"}],"wp:featuredmedia":[{"embeddable":true,"href":"https:\/\/ons.pe\/wp1\/wp-json\/wp\/v2\/media\/3513"}],"wp:attachment":[{"href":"https:\/\/ons.pe\/wp1\/wp-json\/wp\/v2\/media?parent=3493"}],"wp:term":[{"taxonomy":"product_brand","embeddable":true,"href":"https:\/\/ons.pe\/wp1\/wp-json\/wp\/v2\/product_brand?post=3493"},{"taxonomy":"product_cat","embeddable":true,"href":"https:\/\/ons.pe\/wp1\/wp-json\/wp\/v2\/product_cat?post=3493"},{"taxonomy":"product_tag","embeddable":true,"href":"https:\/\/ons.pe\/wp1\/wp-json\/wp\/v2\/product_tag?post=3493"}],"curies":[{"name":"wp","href":"https:\/\/api.w.org\/{rel}","templated":true}]}}