{"id":3434,"date":"2021-08-04T11:46:54","date_gmt":"2021-08-04T16:46:54","guid":{"rendered":"https:\/\/ons.pe\/wp1\/product\/g01-antibioticoterapia\/"},"modified":"2021-08-04T12:11:20","modified_gmt":"2021-08-04T17:11:20","slug":"g01-antibioticoterapia","status":"publish","type":"product","link":"https:\/\/ons.pe\/wp1\/product\/g01-antibioticoterapia\/","title":{"rendered":"G01 ANTIBIOTICOTERAPIA"},"content":{"rendered":"<ul>\n<li>G101-1 Diagn\u00f3stico de infecciones faciales<\/li>\n<li>G102-1 Candidiasis oral e higiene bucal en pacientes con quimioterapia<\/li>\n<li>G103-1 Candidiasis oral ulcerativa como factor proactivo en paciente ambulatorio<\/li>\n<li>G104-1 Miiasis maxilar rara por Cochliomyia hominivorax )<\/li>\n<li>G105-1 Infecciones de origen aerobio<\/li>\n<li>G106-1 Cuidados dentales urgentes durante la pandemia de COVID19<\/li>\n<li>G107-1 Rutas de transmisi\u00f3n del COVID19 y control dental<\/li>\n<li>G108-1 Drenaje de absceso dentario agudo<\/li>\n<li>G109-1 Infecciones de origen anaerobio<\/li>\n<li>G110-1 Absceso pos bichectom\u00eda<\/li>\n<li>G111-1 Evaluaci\u00f3n de factores predictivos en pacientes con infecci\u00f3n facial<\/li>\n<li>G112-1 Medicaci\u00f3n antibi\u00f3tica en pacientes pedi\u00e1tricos<\/li>\n<li>G113-1 R\u00e1nula infectada<\/li>\n<li>G114-1 Betalactamasa D en nuevo pl\u00e1smido en seis hospitales de Dinamarca<\/li>\n<li>G401 Profilaxis antibi\u00f3tica y endocarditis bacterianaCopiar<\/li>\n<li>G402 Prevenci\u00f3n de endocarditisCopiar<\/li>\n<li>G403 Profilaxis antibi\u00f3tica antes y despu\u00e9s del 2007 AHACopiar<\/li>\n<li>G404 Efecto de Tx dental antesde cirug\u00eda card\u00edaca meta an\u00e1lisisCopiar<\/li>\n<\/ul>\n","protected":false},"excerpt":{"rendered":"<p>Diagn\u00f3stico de infecciones faciales. Infecciones de origen aerobio. Infecciones de origen anaerobio. Drenaje de abscesos. Medicaci\u00f3n antibi\u00f3tica en pacientes pedi\u00e1tricos. Importancia de la betalactamasa en resistencia bacteriana. Profilaxis antibi\u00f3tica y endocarditis bacteriana. Prevenci\u00f3n de endocarditis. Profilaxis antibi\u00f3tica en la endocarditis bacteriana antes y despu\u00e9s del 2007. Efecto del tratamiento dental antes de la cirug\u00eda card\u00edaca.<\/p>\n","protected":false},"featured_media":3467,"comment_status":"closed","ping_status":"closed","template":"","meta":{"site-sidebar-layout":"default","site-content-layout":"default","ast-site-content-layout":"default","site-content-style":"default","site-sidebar-style":"default","ast-global-header-display":"","ast-banner-title-visibility":"","ast-main-header-display":"","ast-hfb-above-header-display":"","ast-hfb-below-header-display":"","ast-hfb-mobile-header-display":"","site-post-title":"","ast-breadcrumbs-content":"","ast-featured-img":"","footer-sml-layout":"","ast-disable-related-posts":"","theme-transparent-header-meta":"default","adv-header-id-meta":"","stick-header-meta":"","header-above-stick-meta":"","header-main-stick-meta":"","header-below-stick-meta":"","astra-migrate-meta-layouts":"default","ast-page-background-enabled":"default","ast-page-background-meta":{"desktop":{"background-color":"","background-image":"","background-repeat":"repeat","background-position":"center center","background-size":"auto","background-attachment":"scroll","background-type":"","background-media":"","overlay-type":"","overlay-color":"","overlay-opacity":"","overlay-gradient":""},"tablet":{"background-color":"","background-image":"","background-repeat":"repeat","background-position":"center center","background-size":"auto","background-attachment":"scroll","background-type":"","background-media":"","overlay-type":"","overlay-color":"","overlay-opacity":"","overlay-gradient":""},"mobile":{"background-color":"","background-image":"","background-repeat":"repeat","background-position":"center center","background-size":"auto","background-attachment":"scroll","background-type":"","background-media":"","overlay-type":"","overlay-color":"","overlay-opacity":"","overlay-gradient":""}},"ast-content-background-meta":{"desktop":{"background-color":"var(--ast-global-color-5)","background-image":"","background-repeat":"repeat","background-position":"center center","background-size":"auto","background-attachment":"scroll","background-type":"","background-media":"","overlay-type":"","overlay-color":"","overlay-opacity":"","overlay-gradient":""},"tablet":{"background-color":"var(--ast-global-color-5)","background-image":"","background-repeat":"repeat","background-position":"center center","background-size":"auto","background-attachment":"scroll","background-type":"","background-media":"","overlay-type":"","overlay-color":"","overlay-opacity":"","overlay-gradient":""},"mobile":{"background-color":"var(--ast-global-color-5)","background-image":"","background-repeat":"repeat","background-position":"center center","background-size":"auto","background-attachment":"scroll","background-type":"","background-media":"","overlay-type":"","overlay-color":"","overlay-opacity":"","overlay-gradient":""}}},"product_brand":[],"product_cat":[36],"product_tag":[],"class_list":{"0":"post-3434","1":"product","2":"type-product","3":"status-publish","4":"has-post-thumbnail","6":"product_cat-infecciones","7":"desktop-align-left","8":"tablet-align-left","9":"mobile-align-left","11":"first","12":"instock","13":"virtual","14":"sold-individually","15":"taxable","16":"purchasable","17":"product-type-simple"},"_links":{"self":[{"href":"https:\/\/ons.pe\/wp1\/wp-json\/wp\/v2\/product\/3434","targetHints":{"allow":["GET"]}}],"collection":[{"href":"https:\/\/ons.pe\/wp1\/wp-json\/wp\/v2\/product"}],"about":[{"href":"https:\/\/ons.pe\/wp1\/wp-json\/wp\/v2\/types\/product"}],"replies":[{"embeddable":true,"href":"https:\/\/ons.pe\/wp1\/wp-json\/wp\/v2\/comments?post=3434"}],"wp:featuredmedia":[{"embeddable":true,"href":"https:\/\/ons.pe\/wp1\/wp-json\/wp\/v2\/media\/3467"}],"wp:attachment":[{"href":"https:\/\/ons.pe\/wp1\/wp-json\/wp\/v2\/media?parent=3434"}],"wp:term":[{"taxonomy":"product_brand","embeddable":true,"href":"https:\/\/ons.pe\/wp1\/wp-json\/wp\/v2\/product_brand?post=3434"},{"taxonomy":"product_cat","embeddable":true,"href":"https:\/\/ons.pe\/wp1\/wp-json\/wp\/v2\/product_cat?post=3434"},{"taxonomy":"product_tag","embeddable":true,"href":"https:\/\/ons.pe\/wp1\/wp-json\/wp\/v2\/product_tag?post=3434"}],"curies":[{"name":"wp","href":"https:\/\/api.w.org\/{rel}","templated":true}]}}