{"id":3388,"date":"2021-08-04T10:48:50","date_gmt":"2021-08-04T15:48:50","guid":{"rendered":"https:\/\/ons.pe\/wp1\/?post_type=product&#038;p=3388"},"modified":"2021-08-04T10:58:39","modified_gmt":"2021-08-04T15:58:39","slug":"f03-implantologia-i-tecnicas-basicas","status":"publish","type":"product","link":"https:\/\/ons.pe\/wp1\/product\/f03-implantologia-i-tecnicas-basicas\/","title":{"rendered":"F03 IMPLANTOLOG\u00cdA I T\u00c9CNICAS B\u00c1SICAS"},"content":{"rendered":"<ul>\n<li>F301-1 Implantes post extracci\u00f3n<\/li>\n<li>F302-1 Implantes post exodoncia maxila supervivencia<\/li>\n<li>F303-1 Implantes delgados<\/li>\n<li>F304-1 Biomateriales en odontolog\u00eda<\/li>\n<li>F305-1 Colocaci\u00f3n de implantes con y sin regeneraci\u00f3n \u00f3sea<\/li>\n<li>F306-1 El paciente digital revisi\u00f3n<\/li>\n<li>F307-1 Bandeja quir\u00fargica Implantes SIN Brasil Strong<\/li>\n<li>F308-1 Bandeja quir\u00fargica Implantes SIN Brasil Unitite<\/li>\n<li>F309-1 Atlas de implantolog\u00eda b\u00e1sica<\/li>\n<\/ul>\n","protected":false},"excerpt":{"rendered":"<p>F301-1 Implantes post extracci\u00f3n F302-1 Implantes post exodoncia maxila supervivencia F303-1 Implantes delgados F304-1 Biomateriales en odontolog\u00eda F305-1 Colocaci\u00f3n de [&hellip;]<\/p>\n","protected":false},"featured_media":3408,"comment_status":"closed","ping_status":"closed","template":"","meta":{"site-sidebar-layout":"default","site-content-layout":"default","ast-site-content-layout":"default","site-content-style":"default","site-sidebar-style":"default","ast-global-header-display":"","ast-banner-title-visibility":"","ast-main-header-display":"","ast-hfb-above-header-display":"","ast-hfb-below-header-display":"","ast-hfb-mobile-header-display":"","site-post-title":"","ast-breadcrumbs-content":"","ast-featured-img":"","footer-sml-layout":"","ast-disable-related-posts":"","theme-transparent-header-meta":"default","adv-header-id-meta":"","stick-header-meta":"","header-above-stick-meta":"","header-main-stick-meta":"","header-below-stick-meta":"","astra-migrate-meta-layouts":"default","ast-page-background-enabled":"default","ast-page-background-meta":{"desktop":{"background-color":"","background-image":"","background-repeat":"repeat","background-position":"center center","background-size":"auto","background-attachment":"scroll","background-type":"","background-media":"","overlay-type":"","overlay-color":"","overlay-opacity":"","overlay-gradient":""},"tablet":{"background-color":"","background-image":"","background-repeat":"repeat","background-position":"center center","background-size":"auto","background-attachment":"scroll","background-type":"","background-media":"","overlay-type":"","overlay-color":"","overlay-opacity":"","overlay-gradient":""},"mobile":{"background-color":"","background-image":"","background-repeat":"repeat","background-position":"center center","background-size":"auto","background-attachment":"scroll","background-type":"","background-media":"","overlay-type":"","overlay-color":"","overlay-opacity":"","overlay-gradient":""}},"ast-content-background-meta":{"desktop":{"background-color":"var(--ast-global-color-5)","background-image":"","background-repeat":"repeat","background-position":"center center","background-size":"auto","background-attachment":"scroll","background-type":"","background-media":"","overlay-type":"","overlay-color":"","overlay-opacity":"","overlay-gradient":""},"tablet":{"background-color":"var(--ast-global-color-5)","background-image":"","background-repeat":"repeat","background-position":"center center","background-size":"auto","background-attachment":"scroll","background-type":"","background-media":"","overlay-type":"","overlay-color":"","overlay-opacity":"","overlay-gradient":""},"mobile":{"background-color":"var(--ast-global-color-5)","background-image":"","background-repeat":"repeat","background-position":"center center","background-size":"auto","background-attachment":"scroll","background-type":"","background-media":"","overlay-type":"","overlay-color":"","overlay-opacity":"","overlay-gradient":""}}},"product_brand":[],"product_cat":[27],"product_tag":[],"class_list":{"0":"post-3388","1":"product","2":"type-product","3":"status-publish","4":"has-post-thumbnail","6":"product_cat-implantologia","7":"desktop-align-left","8":"tablet-align-left","9":"mobile-align-left","11":"first","12":"instock","13":"virtual","14":"sold-individually","15":"taxable","16":"purchasable","17":"product-type-simple"},"_links":{"self":[{"href":"https:\/\/ons.pe\/wp1\/wp-json\/wp\/v2\/product\/3388","targetHints":{"allow":["GET"]}}],"collection":[{"href":"https:\/\/ons.pe\/wp1\/wp-json\/wp\/v2\/product"}],"about":[{"href":"https:\/\/ons.pe\/wp1\/wp-json\/wp\/v2\/types\/product"}],"replies":[{"embeddable":true,"href":"https:\/\/ons.pe\/wp1\/wp-json\/wp\/v2\/comments?post=3388"}],"wp:featuredmedia":[{"embeddable":true,"href":"https:\/\/ons.pe\/wp1\/wp-json\/wp\/v2\/media\/3408"}],"wp:attachment":[{"href":"https:\/\/ons.pe\/wp1\/wp-json\/wp\/v2\/media?parent=3388"}],"wp:term":[{"taxonomy":"product_brand","embeddable":true,"href":"https:\/\/ons.pe\/wp1\/wp-json\/wp\/v2\/product_brand?post=3388"},{"taxonomy":"product_cat","embeddable":true,"href":"https:\/\/ons.pe\/wp1\/wp-json\/wp\/v2\/product_cat?post=3388"},{"taxonomy":"product_tag","embeddable":true,"href":"https:\/\/ons.pe\/wp1\/wp-json\/wp\/v2\/product_tag?post=3388"}],"curies":[{"name":"wp","href":"https:\/\/api.w.org\/{rel}","templated":true}]}}