{"id":3334,"date":"2021-08-04T00:43:12","date_gmt":"2021-08-04T05:43:12","guid":{"rendered":"https:\/\/ons.pe\/wp1\/?post_type=product&#038;p=3334"},"modified":"2021-08-04T00:52:44","modified_gmt":"2021-08-04T05:52:44","slug":"e11-farmacos-topicos-de-uso-odontologico","status":"publish","type":"product","link":"https:\/\/ons.pe\/wp1\/product\/e11-farmacos-topicos-de-uso-odontologico\/","title":{"rendered":"E11 F\u00c1RMACOS T\u00d3PICOS DE USO ODONTOL\u00d3GICO"},"content":{"rendered":"<ul>\n<li>E1101-1 Principios farmacol\u00f3gicos y efecto cl\u00ednico<\/li>\n<li>E1102-1 Farmacoterapia t\u00f3pica<\/li>\n<li>E1103-1 Contaminaci\u00f3n bacteriana por aerosoles en odontolog\u00eda<\/li>\n<li>E1104-1 Actividad potente del cetilpiridinio contra la influenza<\/li>\n<li>E1105-1 Estudio randomizado del cetilpiridinio aerosol contra coronavirus<\/li>\n<li>E1106-1 Ap\u00f3sitos quir\u00fargicos<\/li>\n<li>E1107-1 Gasa iodoformada<\/li>\n<li>E1108-1 B\u00e1lsamo del Per\u00fa en alveolitis seca<\/li>\n<\/ul>\n","protected":false},"excerpt":{"rendered":"<p>Principios farmacol\u00f3gicos y efecto cl\u00ednico. Farmacoterapia t\u00f3pica. Contaminaci\u00f3n bacteriana por uso de aerosoles en odontolog\u00eda. Uso del cetilpiridinio como viricida anti COVID-19. Ap\u00f3sitos quir\u00fargicos. Gasa iodoformada. B\u00e1lsamo del Per\u00fa en alveolitis seca.<\/p>\n","protected":false},"featured_media":3353,"comment_status":"closed","ping_status":"closed","template":"","meta":{"site-sidebar-layout":"default","site-content-layout":"default","ast-site-content-layout":"default","site-content-style":"default","site-sidebar-style":"default","ast-global-header-display":"","ast-banner-title-visibility":"","ast-main-header-display":"","ast-hfb-above-header-display":"","ast-hfb-below-header-display":"","ast-hfb-mobile-header-display":"","site-post-title":"","ast-breadcrumbs-content":"","ast-featured-img":"","footer-sml-layout":"","ast-disable-related-posts":"","theme-transparent-header-meta":"default","adv-header-id-meta":"","stick-header-meta":"","header-above-stick-meta":"","header-main-stick-meta":"","header-below-stick-meta":"","astra-migrate-meta-layouts":"default","ast-page-background-enabled":"default","ast-page-background-meta":{"desktop":{"background-color":"","background-image":"","background-repeat":"repeat","background-position":"center center","background-size":"auto","background-attachment":"scroll","background-type":"","background-media":"","overlay-type":"","overlay-color":"","overlay-opacity":"","overlay-gradient":""},"tablet":{"background-color":"","background-image":"","background-repeat":"repeat","background-position":"center center","background-size":"auto","background-attachment":"scroll","background-type":"","background-media":"","overlay-type":"","overlay-color":"","overlay-opacity":"","overlay-gradient":""},"mobile":{"background-color":"","background-image":"","background-repeat":"repeat","background-position":"center center","background-size":"auto","background-attachment":"scroll","background-type":"","background-media":"","overlay-type":"","overlay-color":"","overlay-opacity":"","overlay-gradient":""}},"ast-content-background-meta":{"desktop":{"background-color":"var(--ast-global-color-5)","background-image":"","background-repeat":"repeat","background-position":"center center","background-size":"auto","background-attachment":"scroll","background-type":"","background-media":"","overlay-type":"","overlay-color":"","overlay-opacity":"","overlay-gradient":""},"tablet":{"background-color":"var(--ast-global-color-5)","background-image":"","background-repeat":"repeat","background-position":"center center","background-size":"auto","background-attachment":"scroll","background-type":"","background-media":"","overlay-type":"","overlay-color":"","overlay-opacity":"","overlay-gradient":""},"mobile":{"background-color":"var(--ast-global-color-5)","background-image":"","background-repeat":"repeat","background-position":"center center","background-size":"auto","background-attachment":"scroll","background-type":"","background-media":"","overlay-type":"","overlay-color":"","overlay-opacity":"","overlay-gradient":""}}},"product_brand":[],"product_cat":[34],"product_tag":[],"class_list":{"0":"post-3334","1":"product","2":"type-product","3":"status-publish","4":"has-post-thumbnail","6":"product_cat-farmacoterapia","7":"desktop-align-left","8":"tablet-align-left","9":"mobile-align-left","11":"first","12":"instock","13":"virtual","14":"sold-individually","15":"taxable","16":"purchasable","17":"product-type-simple"},"_links":{"self":[{"href":"https:\/\/ons.pe\/wp1\/wp-json\/wp\/v2\/product\/3334","targetHints":{"allow":["GET"]}}],"collection":[{"href":"https:\/\/ons.pe\/wp1\/wp-json\/wp\/v2\/product"}],"about":[{"href":"https:\/\/ons.pe\/wp1\/wp-json\/wp\/v2\/types\/product"}],"replies":[{"embeddable":true,"href":"https:\/\/ons.pe\/wp1\/wp-json\/wp\/v2\/comments?post=3334"}],"wp:featuredmedia":[{"embeddable":true,"href":"https:\/\/ons.pe\/wp1\/wp-json\/wp\/v2\/media\/3353"}],"wp:attachment":[{"href":"https:\/\/ons.pe\/wp1\/wp-json\/wp\/v2\/media?parent=3334"}],"wp:term":[{"taxonomy":"product_brand","embeddable":true,"href":"https:\/\/ons.pe\/wp1\/wp-json\/wp\/v2\/product_brand?post=3334"},{"taxonomy":"product_cat","embeddable":true,"href":"https:\/\/ons.pe\/wp1\/wp-json\/wp\/v2\/product_cat?post=3334"},{"taxonomy":"product_tag","embeddable":true,"href":"https:\/\/ons.pe\/wp1\/wp-json\/wp\/v2\/product_tag?post=3334"}],"curies":[{"name":"wp","href":"https:\/\/api.w.org\/{rel}","templated":true}]}}