{"id":3212,"date":"2021-08-03T23:38:44","date_gmt":"2021-08-04T04:38:44","guid":{"rendered":"https:\/\/ons.pe\/wp1\/?post_type=product&#038;p=3212"},"modified":"2021-08-03T23:41:56","modified_gmt":"2021-08-04T04:41:56","slug":"e06-manejo-del-dolor-y-edema","status":"publish","type":"product","link":"https:\/\/ons.pe\/wp1\/product\/e06-manejo-del-dolor-y-edema\/","title":{"rendered":"E06 MANEJO DEL DOLOR Y EDEMA"},"content":{"rendered":"<ul>\n<li>E601-1 Fisiopatolog\u00eda del dolor y edema<\/li>\n<li>E602-1 Manejo del dolor y edema<\/li>\n<li>E603-1 Dexametasona post operat en cirug\u00edas maxilofaciales<\/li>\n<li>E604-1 Manejo complicaciones post cirug\u00eda maxilofacial<\/li>\n<li>E605-1 Estrategias no farmacol\u00f3gicas en modelo dolor dental<\/li>\n<li>E606-1 Acetaminofen e ibuprofeno en dolor dental<\/li>\n<li>E607-1 Farmacoterapia para el dolor y edema<\/li>\n<li>E608-1 Acetaminof\u00e9n y cafe\u00edna en modelo del dolor dental<\/li>\n<li>E609-1 AINEs en tratamiento de pacientes con COVID19<\/li>\n<li>E610-1 Atlas de terapia analg\u00e9sica y antiinflamatoria<\/li>\n<\/ul>\n","protected":false},"excerpt":{"rendered":"<p>Fisiopatolog\u00eda del dolor y edema. Manejo del dolor y edema. Dexametasona post operatoria en cirug\u00edas maxilares. Manejo de complicaciones post cirug\u00eda. Farmacoterapia para el dolor y edema. Atlas de terapia analg\u00e9sica y antiinflamatoria.<\/p>\n","protected":false},"featured_media":3234,"comment_status":"closed","ping_status":"closed","template":"","meta":{"site-sidebar-layout":"default","site-content-layout":"default","ast-site-content-layout":"default","site-content-style":"default","site-sidebar-style":"default","ast-global-header-display":"","ast-banner-title-visibility":"","ast-main-header-display":"","ast-hfb-above-header-display":"","ast-hfb-below-header-display":"","ast-hfb-mobile-header-display":"","site-post-title":"","ast-breadcrumbs-content":"","ast-featured-img":"","footer-sml-layout":"","ast-disable-related-posts":"","theme-transparent-header-meta":"default","adv-header-id-meta":"","stick-header-meta":"","header-above-stick-meta":"","header-main-stick-meta":"","header-below-stick-meta":"","astra-migrate-meta-layouts":"default","ast-page-background-enabled":"default","ast-page-background-meta":{"desktop":{"background-color":"","background-image":"","background-repeat":"repeat","background-position":"center center","background-size":"auto","background-attachment":"scroll","background-type":"","background-media":"","overlay-type":"","overlay-color":"","overlay-opacity":"","overlay-gradient":""},"tablet":{"background-color":"","background-image":"","background-repeat":"repeat","background-position":"center center","background-size":"auto","background-attachment":"scroll","background-type":"","background-media":"","overlay-type":"","overlay-color":"","overlay-opacity":"","overlay-gradient":""},"mobile":{"background-color":"","background-image":"","background-repeat":"repeat","background-position":"center center","background-size":"auto","background-attachment":"scroll","background-type":"","background-media":"","overlay-type":"","overlay-color":"","overlay-opacity":"","overlay-gradient":""}},"ast-content-background-meta":{"desktop":{"background-color":"var(--ast-global-color-5)","background-image":"","background-repeat":"repeat","background-position":"center center","background-size":"auto","background-attachment":"scroll","background-type":"","background-media":"","overlay-type":"","overlay-color":"","overlay-opacity":"","overlay-gradient":""},"tablet":{"background-color":"var(--ast-global-color-5)","background-image":"","background-repeat":"repeat","background-position":"center center","background-size":"auto","background-attachment":"scroll","background-type":"","background-media":"","overlay-type":"","overlay-color":"","overlay-opacity":"","overlay-gradient":""},"mobile":{"background-color":"var(--ast-global-color-5)","background-image":"","background-repeat":"repeat","background-position":"center center","background-size":"auto","background-attachment":"scroll","background-type":"","background-media":"","overlay-type":"","overlay-color":"","overlay-opacity":"","overlay-gradient":""}}},"product_brand":[],"product_cat":[34],"product_tag":[],"class_list":{"0":"post-3212","1":"product","2":"type-product","3":"status-publish","4":"has-post-thumbnail","6":"product_cat-farmacoterapia","7":"desktop-align-left","8":"tablet-align-left","9":"mobile-align-left","11":"first","12":"instock","13":"virtual","14":"sold-individually","15":"taxable","16":"purchasable","17":"product-type-simple"},"_links":{"self":[{"href":"https:\/\/ons.pe\/wp1\/wp-json\/wp\/v2\/product\/3212","targetHints":{"allow":["GET"]}}],"collection":[{"href":"https:\/\/ons.pe\/wp1\/wp-json\/wp\/v2\/product"}],"about":[{"href":"https:\/\/ons.pe\/wp1\/wp-json\/wp\/v2\/types\/product"}],"replies":[{"embeddable":true,"href":"https:\/\/ons.pe\/wp1\/wp-json\/wp\/v2\/comments?post=3212"}],"wp:featuredmedia":[{"embeddable":true,"href":"https:\/\/ons.pe\/wp1\/wp-json\/wp\/v2\/media\/3234"}],"wp:attachment":[{"href":"https:\/\/ons.pe\/wp1\/wp-json\/wp\/v2\/media?parent=3212"}],"wp:term":[{"taxonomy":"product_brand","embeddable":true,"href":"https:\/\/ons.pe\/wp1\/wp-json\/wp\/v2\/product_brand?post=3212"},{"taxonomy":"product_cat","embeddable":true,"href":"https:\/\/ons.pe\/wp1\/wp-json\/wp\/v2\/product_cat?post=3212"},{"taxonomy":"product_tag","embeddable":true,"href":"https:\/\/ons.pe\/wp1\/wp-json\/wp\/v2\/product_tag?post=3212"}],"curies":[{"name":"wp","href":"https:\/\/api.w.org\/{rel}","templated":true}]}}