{"id":3110,"date":"2021-08-03T22:40:06","date_gmt":"2021-08-04T03:40:06","guid":{"rendered":"https:\/\/ons.pe\/wp1\/?post_type=product&#038;p=3110"},"modified":"2021-09-10T01:03:15","modified_gmt":"2021-09-10T06:03:15","slug":"e02-anestesicos-locales","status":"publish","type":"product","link":"https:\/\/ons.pe\/wp1\/product\/e02-anestesicos-locales\/","title":{"rendered":"E02 ANEST\u00c9SICOS LOCALES"},"content":{"rendered":"<ul>\n<li>E201-1 Soluciones anest\u00e9sicas<\/li>\n<li>E202-1 C\u00f3mo se produce el efecto anest\u00e9sico<\/li>\n<li>E203-1 Ansiedad en adultos previo a la anestesia<\/li>\n<li>E204-1 Encuesta de dosificaci\u00f3n de anest\u00e9sicos locales<\/li>\n<li>E205-1 Condiciones que afectan el efecto anest\u00e9sico<\/li>\n<li>E206-1 Condiciones que afectan el efecto anest\u00e9sico3<\/li>\n<li>E207-1 Eficacia de la anestesia t\u00f3pica, estudio doble ciego<\/li>\n<li>E208-1 Consideraciones dentales en pacientes cardio vasculares<\/li>\n<li>E209-1 Complicaciones cardiovasculares por la aplicaci\u00f3n de lidoca\u00edna<\/li>\n<\/ul>\n","protected":false},"excerpt":{"rendered":"<p>C\u00f3mo se produce el efecto anest\u00e9sico. Anest\u00e9sicos derivados del \u00e1cido para-aminobenzoico. Anest\u00e9sicos derivados del tiophene. Lidoca\u00edna y artica\u00edna. Dosis m\u00e1xima de anest\u00e9sicos locales. Reacciones de toxicidad. Previsi\u00f3n de complicaciones cardiovasculares.<\/p>\n","protected":false},"featured_media":3130,"comment_status":"closed","ping_status":"closed","template":"","meta":{"site-sidebar-layout":"default","site-content-layout":"default","ast-site-content-layout":"default","site-content-style":"default","site-sidebar-style":"default","ast-global-header-display":"","ast-banner-title-visibility":"","ast-main-header-display":"","ast-hfb-above-header-display":"","ast-hfb-below-header-display":"","ast-hfb-mobile-header-display":"","site-post-title":"","ast-breadcrumbs-content":"","ast-featured-img":"","footer-sml-layout":"","ast-disable-related-posts":"","theme-transparent-header-meta":"default","adv-header-id-meta":"","stick-header-meta":"","header-above-stick-meta":"","header-main-stick-meta":"","header-below-stick-meta":"","astra-migrate-meta-layouts":"default","ast-page-background-enabled":"default","ast-page-background-meta":{"desktop":{"background-color":"","background-image":"","background-repeat":"repeat","background-position":"center center","background-size":"auto","background-attachment":"scroll","background-type":"","background-media":"","overlay-type":"","overlay-color":"","overlay-opacity":"","overlay-gradient":""},"tablet":{"background-color":"","background-image":"","background-repeat":"repeat","background-position":"center center","background-size":"auto","background-attachment":"scroll","background-type":"","background-media":"","overlay-type":"","overlay-color":"","overlay-opacity":"","overlay-gradient":""},"mobile":{"background-color":"","background-image":"","background-repeat":"repeat","background-position":"center center","background-size":"auto","background-attachment":"scroll","background-type":"","background-media":"","overlay-type":"","overlay-color":"","overlay-opacity":"","overlay-gradient":""}},"ast-content-background-meta":{"desktop":{"background-color":"var(--ast-global-color-5)","background-image":"","background-repeat":"repeat","background-position":"center center","background-size":"auto","background-attachment":"scroll","background-type":"","background-media":"","overlay-type":"","overlay-color":"","overlay-opacity":"","overlay-gradient":""},"tablet":{"background-color":"var(--ast-global-color-5)","background-image":"","background-repeat":"repeat","background-position":"center center","background-size":"auto","background-attachment":"scroll","background-type":"","background-media":"","overlay-type":"","overlay-color":"","overlay-opacity":"","overlay-gradient":""},"mobile":{"background-color":"var(--ast-global-color-5)","background-image":"","background-repeat":"repeat","background-position":"center center","background-size":"auto","background-attachment":"scroll","background-type":"","background-media":"","overlay-type":"","overlay-color":"","overlay-opacity":"","overlay-gradient":""}}},"product_brand":[],"product_cat":[34],"product_tag":[39],"class_list":{"0":"post-3110","1":"product","2":"type-product","3":"status-publish","4":"has-post-thumbnail","6":"product_cat-farmacoterapia","7":"product_tag-anestesia","8":"desktop-align-left","9":"tablet-align-left","10":"mobile-align-left","12":"first","13":"instock","14":"virtual","15":"sold-individually","16":"taxable","17":"purchasable","18":"product-type-simple"},"_links":{"self":[{"href":"https:\/\/ons.pe\/wp1\/wp-json\/wp\/v2\/product\/3110","targetHints":{"allow":["GET"]}}],"collection":[{"href":"https:\/\/ons.pe\/wp1\/wp-json\/wp\/v2\/product"}],"about":[{"href":"https:\/\/ons.pe\/wp1\/wp-json\/wp\/v2\/types\/product"}],"replies":[{"embeddable":true,"href":"https:\/\/ons.pe\/wp1\/wp-json\/wp\/v2\/comments?post=3110"}],"wp:featuredmedia":[{"embeddable":true,"href":"https:\/\/ons.pe\/wp1\/wp-json\/wp\/v2\/media\/3130"}],"wp:attachment":[{"href":"https:\/\/ons.pe\/wp1\/wp-json\/wp\/v2\/media?parent=3110"}],"wp:term":[{"taxonomy":"product_brand","embeddable":true,"href":"https:\/\/ons.pe\/wp1\/wp-json\/wp\/v2\/product_brand?post=3110"},{"taxonomy":"product_cat","embeddable":true,"href":"https:\/\/ons.pe\/wp1\/wp-json\/wp\/v2\/product_cat?post=3110"},{"taxonomy":"product_tag","embeddable":true,"href":"https:\/\/ons.pe\/wp1\/wp-json\/wp\/v2\/product_tag?post=3110"}],"curies":[{"name":"wp","href":"https:\/\/api.w.org\/{rel}","templated":true}]}}