{"id":3005,"date":"2021-08-03T21:13:38","date_gmt":"2021-08-04T02:13:38","guid":{"rendered":"https:\/\/ons.pe\/wp1\/?post_type=product&#038;p=3005"},"modified":"2021-08-03T21:23:58","modified_gmt":"2021-08-04T02:23:58","slug":"d04-diagnostico-radiografico-y-tomografico","status":"publish","type":"product","link":"https:\/\/ons.pe\/wp1\/product\/d04-diagnostico-radiografico-y-tomografico\/","title":{"rendered":"D04 DIAGN\u00d3STICO RADIOGR\u00c1FICO Y TOMOGR\u00c1FICO"},"content":{"rendered":"<ul>\n<li>D401-1 C\u00f3mo leer una radiograf\u00eda panor\u00e1mica<\/li>\n<li>D402-1 Tomograf\u00eda computarizada fundamentos<\/li>\n<li>D403-1 C\u00f3mo leer una tomograf\u00eda Canino retenido<\/li>\n<li>D404-1 Correlaci\u00f3n hallazgos Rx panor\u00e1mica y tomograf\u00eda<\/li>\n<li>D405-1 Diagn\u00f3stico tomogr\u00e1fico en cirug\u00eda oral<\/li>\n<li>D406-1 Diagn\u00f3stico tomogr\u00e1fico avanzado<\/li>\n<li>D407-1 Tomograf\u00eda abscesos apicales y f\u00edstulas<\/li>\n<li>D408-1 Localizaci\u00f3n de dientes retenidos con tomograf\u00eda<\/li>\n<li>D409-1 C\u00f3mo localizar el conducto dentario Blue Sky Ra\u00fal Botetano<\/li>\n<li>D410-1 Tomograf\u00eda del conducto dentario inferior<\/li>\n<li>D411-1 Topograf\u00eda y canales accesorios del conducto dentario inferior<\/li>\n<\/ul>\n","protected":false},"excerpt":{"rendered":"<p>C\u00f3mo leer una radiograf\u00eda panor\u00e1mica. Fundamentos de la tomograf\u00eda computarizada. C\u00f3mo leer la tomograf\u00eda de un canino retenido. Correlaci\u00f3n de la radiograf\u00eda panor\u00e1mica y la tomograf\u00eda. Diagn\u00f3stico tomogr\u00e1fico en cirug\u00eda oral. Diagn\u00f3stico tomogr\u00e1fico avanzado. Localizaci\u00f3n de dientes retenidos mediante la tomograf\u00eda. C\u00f3mo localizar el trayecto del conducto dentario inferior con el software Blue Sky Plan. Tomograf\u00eda y topograf\u00eda del conducto dentario inferior.<\/p>\n","protected":false},"featured_media":3030,"comment_status":"closed","ping_status":"closed","template":"","meta":{"site-sidebar-layout":"default","site-content-layout":"default","ast-site-content-layout":"default","site-content-style":"default","site-sidebar-style":"default","ast-global-header-display":"","ast-banner-title-visibility":"","ast-main-header-display":"","ast-hfb-above-header-display":"","ast-hfb-below-header-display":"","ast-hfb-mobile-header-display":"","site-post-title":"","ast-breadcrumbs-content":"","ast-featured-img":"","footer-sml-layout":"","ast-disable-related-posts":"","theme-transparent-header-meta":"default","adv-header-id-meta":"","stick-header-meta":"","header-above-stick-meta":"","header-main-stick-meta":"","header-below-stick-meta":"","astra-migrate-meta-layouts":"default","ast-page-background-enabled":"default","ast-page-background-meta":{"desktop":{"background-color":"","background-image":"","background-repeat":"repeat","background-position":"center center","background-size":"auto","background-attachment":"scroll","background-type":"","background-media":"","overlay-type":"","overlay-color":"","overlay-opacity":"","overlay-gradient":""},"tablet":{"background-color":"","background-image":"","background-repeat":"repeat","background-position":"center center","background-size":"auto","background-attachment":"scroll","background-type":"","background-media":"","overlay-type":"","overlay-color":"","overlay-opacity":"","overlay-gradient":""},"mobile":{"background-color":"","background-image":"","background-repeat":"repeat","background-position":"center center","background-size":"auto","background-attachment":"scroll","background-type":"","background-media":"","overlay-type":"","overlay-color":"","overlay-opacity":"","overlay-gradient":""}},"ast-content-background-meta":{"desktop":{"background-color":"var(--ast-global-color-5)","background-image":"","background-repeat":"repeat","background-position":"center center","background-size":"auto","background-attachment":"scroll","background-type":"","background-media":"","overlay-type":"","overlay-color":"","overlay-opacity":"","overlay-gradient":""},"tablet":{"background-color":"var(--ast-global-color-5)","background-image":"","background-repeat":"repeat","background-position":"center center","background-size":"auto","background-attachment":"scroll","background-type":"","background-media":"","overlay-type":"","overlay-color":"","overlay-opacity":"","overlay-gradient":""},"mobile":{"background-color":"var(--ast-global-color-5)","background-image":"","background-repeat":"repeat","background-position":"center center","background-size":"auto","background-attachment":"scroll","background-type":"","background-media":"","overlay-type":"","overlay-color":"","overlay-opacity":"","overlay-gradient":""}}},"product_brand":[],"product_cat":[32],"product_tag":[],"class_list":{"0":"post-3005","1":"product","2":"type-product","3":"status-publish","4":"has-post-thumbnail","6":"product_cat-diagnostico-clinico","7":"desktop-align-left","8":"tablet-align-left","9":"mobile-align-left","11":"first","12":"instock","13":"virtual","14":"sold-individually","15":"taxable","16":"purchasable","17":"product-type-simple"},"_links":{"self":[{"href":"https:\/\/ons.pe\/wp1\/wp-json\/wp\/v2\/product\/3005","targetHints":{"allow":["GET"]}}],"collection":[{"href":"https:\/\/ons.pe\/wp1\/wp-json\/wp\/v2\/product"}],"about":[{"href":"https:\/\/ons.pe\/wp1\/wp-json\/wp\/v2\/types\/product"}],"replies":[{"embeddable":true,"href":"https:\/\/ons.pe\/wp1\/wp-json\/wp\/v2\/comments?post=3005"}],"wp:featuredmedia":[{"embeddable":true,"href":"https:\/\/ons.pe\/wp1\/wp-json\/wp\/v2\/media\/3030"}],"wp:attachment":[{"href":"https:\/\/ons.pe\/wp1\/wp-json\/wp\/v2\/media?parent=3005"}],"wp:term":[{"taxonomy":"product_brand","embeddable":true,"href":"https:\/\/ons.pe\/wp1\/wp-json\/wp\/v2\/product_brand?post=3005"},{"taxonomy":"product_cat","embeddable":true,"href":"https:\/\/ons.pe\/wp1\/wp-json\/wp\/v2\/product_cat?post=3005"},{"taxonomy":"product_tag","embeddable":true,"href":"https:\/\/ons.pe\/wp1\/wp-json\/wp\/v2\/product_tag?post=3005"}],"curies":[{"name":"wp","href":"https:\/\/api.w.org\/{rel}","templated":true}]}}