{"id":2967,"date":"2021-08-03T18:20:35","date_gmt":"2021-08-03T23:20:35","guid":{"rendered":"https:\/\/ons.pe\/wp1\/product\/d02-como-hacer-el-diagnostico-clinico-de-la-boca-i\/"},"modified":"2021-08-03T18:28:56","modified_gmt":"2021-08-03T23:28:56","slug":"d02-como-hacer-el-diagnostico-clinico-de-la-boca-i","status":"publish","type":"product","link":"https:\/\/ons.pe\/wp1\/product\/d02-como-hacer-el-diagnostico-clinico-de-la-boca-i\/","title":{"rendered":"D02 C\u00d3MO HACER EL DIAGN\u00d3STICO CL\u00cdNICO DE LA BOCA I"},"content":{"rendered":"<ul>\n<li>D201-1 Lesiones planas de los tejidos de la boca<\/li>\n<li>D202-1 Lesiones deprimidas de los tejidos de la boca<\/li>\n<li>D203-1 Lesiones elevadas de los tejidos de la boca<\/li>\n<li>D204-1 C\u00f3mo hacer un diagn\u00f3stico cl\u00ednico correcto<\/li>\n<li>D205-1 Factores predisponen salud bucal diabetes mellitus 2017<\/li>\n<li>D206-1 Condiciones orales pacientes hematol\u00f3gicos 2018<\/li>\n<li>D207-1 Nuevos signos o manifestaciones secundarias en COVID-19 2020<\/li>\n<\/ul>\n","protected":false},"excerpt":{"rendered":"<p>Lesiones planas de la mucosa: mancha mel\u00e1nica, mancha hemorr\u00e1gica, l\u00e9ntigo, ef\u00e9lides. Lesiones deprimidas de la mucosa: \u00falcera, ulceraci\u00f3n, cicatriz, atrofia, f\u00edstula. Lesiones elevadas de la mucosa: p\u00e1pula, vegetaci\u00f3n, tumor, necrosis, necrobiosis. Condiciones orales de los pacientes hematol\u00f3gicos.<\/p>\n","protected":false},"featured_media":2984,"comment_status":"closed","ping_status":"closed","template":"","meta":{"site-sidebar-layout":"default","site-content-layout":"default","ast-site-content-layout":"default","site-content-style":"default","site-sidebar-style":"default","ast-global-header-display":"","ast-banner-title-visibility":"","ast-main-header-display":"","ast-hfb-above-header-display":"","ast-hfb-below-header-display":"","ast-hfb-mobile-header-display":"","site-post-title":"","ast-breadcrumbs-content":"","ast-featured-img":"","footer-sml-layout":"","ast-disable-related-posts":"","theme-transparent-header-meta":"default","adv-header-id-meta":"","stick-header-meta":"","header-above-stick-meta":"","header-main-stick-meta":"","header-below-stick-meta":"","astra-migrate-meta-layouts":"default","ast-page-background-enabled":"default","ast-page-background-meta":{"desktop":{"background-color":"","background-image":"","background-repeat":"repeat","background-position":"center center","background-size":"auto","background-attachment":"scroll","background-type":"","background-media":"","overlay-type":"","overlay-color":"","overlay-opacity":"","overlay-gradient":""},"tablet":{"background-color":"","background-image":"","background-repeat":"repeat","background-position":"center center","background-size":"auto","background-attachment":"scroll","background-type":"","background-media":"","overlay-type":"","overlay-color":"","overlay-opacity":"","overlay-gradient":""},"mobile":{"background-color":"","background-image":"","background-repeat":"repeat","background-position":"center center","background-size":"auto","background-attachment":"scroll","background-type":"","background-media":"","overlay-type":"","overlay-color":"","overlay-opacity":"","overlay-gradient":""}},"ast-content-background-meta":{"desktop":{"background-color":"var(--ast-global-color-5)","background-image":"","background-repeat":"repeat","background-position":"center center","background-size":"auto","background-attachment":"scroll","background-type":"","background-media":"","overlay-type":"","overlay-color":"","overlay-opacity":"","overlay-gradient":""},"tablet":{"background-color":"var(--ast-global-color-5)","background-image":"","background-repeat":"repeat","background-position":"center center","background-size":"auto","background-attachment":"scroll","background-type":"","background-media":"","overlay-type":"","overlay-color":"","overlay-opacity":"","overlay-gradient":""},"mobile":{"background-color":"var(--ast-global-color-5)","background-image":"","background-repeat":"repeat","background-position":"center center","background-size":"auto","background-attachment":"scroll","background-type":"","background-media":"","overlay-type":"","overlay-color":"","overlay-opacity":"","overlay-gradient":""}}},"product_brand":[],"product_cat":[32],"product_tag":[],"class_list":{"0":"post-2967","1":"product","2":"type-product","3":"status-publish","4":"has-post-thumbnail","6":"product_cat-diagnostico-clinico","7":"desktop-align-left","8":"tablet-align-left","9":"mobile-align-left","11":"first","12":"instock","13":"virtual","14":"sold-individually","15":"taxable","16":"purchasable","17":"product-type-simple"},"_links":{"self":[{"href":"https:\/\/ons.pe\/wp1\/wp-json\/wp\/v2\/product\/2967","targetHints":{"allow":["GET"]}}],"collection":[{"href":"https:\/\/ons.pe\/wp1\/wp-json\/wp\/v2\/product"}],"about":[{"href":"https:\/\/ons.pe\/wp1\/wp-json\/wp\/v2\/types\/product"}],"replies":[{"embeddable":true,"href":"https:\/\/ons.pe\/wp1\/wp-json\/wp\/v2\/comments?post=2967"}],"wp:featuredmedia":[{"embeddable":true,"href":"https:\/\/ons.pe\/wp1\/wp-json\/wp\/v2\/media\/2984"}],"wp:attachment":[{"href":"https:\/\/ons.pe\/wp1\/wp-json\/wp\/v2\/media?parent=2967"}],"wp:term":[{"taxonomy":"product_brand","embeddable":true,"href":"https:\/\/ons.pe\/wp1\/wp-json\/wp\/v2\/product_brand?post=2967"},{"taxonomy":"product_cat","embeddable":true,"href":"https:\/\/ons.pe\/wp1\/wp-json\/wp\/v2\/product_cat?post=2967"},{"taxonomy":"product_tag","embeddable":true,"href":"https:\/\/ons.pe\/wp1\/wp-json\/wp\/v2\/product_tag?post=2967"}],"curies":[{"name":"wp","href":"https:\/\/api.w.org\/{rel}","templated":true}]}}