{"id":2944,"date":"2021-08-03T17:52:53","date_gmt":"2021-08-03T22:52:53","guid":{"rendered":"https:\/\/ons.pe\/wp1\/?post_type=product&#038;p=2944"},"modified":"2021-08-03T18:11:35","modified_gmt":"2021-08-03T23:11:35","slug":"d01-como-hacer-el-examen-clinico-al-paciente","status":"publish","type":"product","link":"https:\/\/ons.pe\/wp1\/product\/d01-como-hacer-el-examen-clinico-al-paciente\/","title":{"rendered":"D01 C\u00d3MO HACER EL EXAMEN CL\u00cdNICO AL PACIENTE"},"content":{"rendered":"<ul>\n<li>D101-1 aspecto general cr\u00e1neo y cara<\/li>\n<li>D102-1 examen cl\u00ednico de la cara<\/li>\n<li>D103-1 examen cl\u00ednico de la piel y faneras<\/li>\n<li>D104-1 examen cl\u00ednico del cuello<\/li>\n<li>D105-1 Cadena ganglionar de cara y cuello<\/li>\n<li>D106-1 examen cl\u00ednico estomatol\u00f3gico vest\u00edbulo<\/li>\n<li>D107-1 examen cl\u00ednico del carrillo, paladar, istmo fauces, lengua<\/li>\n<li>D108-1 examen cl\u00ednico de los dientes y la oclusi\u00f3n dentaria<\/li>\n<\/ul>\n","protected":false},"excerpt":{"rendered":"<p>Aspecto general, cr\u00e1neo y cara. Examen cl\u00ednico de la cara. Examen cl\u00ednico de la piel y faneras. Examen cl\u00ednico del cuello. Cadena ganglionar de la cara y cuello. Examen cl\u00ednico estomatol\u00f3gico del vest\u00edbulo. Examen cl\u00ednico del carrillo, paladar, istmo de las fauces y lengua. Examen cl\u00ednico de los dientes y la oclusi\u00f3n dentaria. <\/p>\n","protected":false},"featured_media":2962,"comment_status":"closed","ping_status":"closed","template":"","meta":{"site-sidebar-layout":"default","site-content-layout":"default","ast-site-content-layout":"default","site-content-style":"default","site-sidebar-style":"default","ast-global-header-display":"","ast-banner-title-visibility":"","ast-main-header-display":"","ast-hfb-above-header-display":"","ast-hfb-below-header-display":"","ast-hfb-mobile-header-display":"","site-post-title":"","ast-breadcrumbs-content":"","ast-featured-img":"","footer-sml-layout":"","ast-disable-related-posts":"","theme-transparent-header-meta":"default","adv-header-id-meta":"","stick-header-meta":"","header-above-stick-meta":"","header-main-stick-meta":"","header-below-stick-meta":"","astra-migrate-meta-layouts":"default","ast-page-background-enabled":"default","ast-page-background-meta":{"desktop":{"background-color":"","background-image":"","background-repeat":"repeat","background-position":"center center","background-size":"auto","background-attachment":"scroll","background-type":"","background-media":"","overlay-type":"","overlay-color":"","overlay-opacity":"","overlay-gradient":""},"tablet":{"background-color":"","background-image":"","background-repeat":"repeat","background-position":"center center","background-size":"auto","background-attachment":"scroll","background-type":"","background-media":"","overlay-type":"","overlay-color":"","overlay-opacity":"","overlay-gradient":""},"mobile":{"background-color":"","background-image":"","background-repeat":"repeat","background-position":"center center","background-size":"auto","background-attachment":"scroll","background-type":"","background-media":"","overlay-type":"","overlay-color":"","overlay-opacity":"","overlay-gradient":""}},"ast-content-background-meta":{"desktop":{"background-color":"var(--ast-global-color-5)","background-image":"","background-repeat":"repeat","background-position":"center center","background-size":"auto","background-attachment":"scroll","background-type":"","background-media":"","overlay-type":"","overlay-color":"","overlay-opacity":"","overlay-gradient":""},"tablet":{"background-color":"var(--ast-global-color-5)","background-image":"","background-repeat":"repeat","background-position":"center center","background-size":"auto","background-attachment":"scroll","background-type":"","background-media":"","overlay-type":"","overlay-color":"","overlay-opacity":"","overlay-gradient":""},"mobile":{"background-color":"var(--ast-global-color-5)","background-image":"","background-repeat":"repeat","background-position":"center center","background-size":"auto","background-attachment":"scroll","background-type":"","background-media":"","overlay-type":"","overlay-color":"","overlay-opacity":"","overlay-gradient":""}}},"product_brand":[],"product_cat":[32],"product_tag":[],"class_list":{"0":"post-2944","1":"product","2":"type-product","3":"status-publish","4":"has-post-thumbnail","6":"product_cat-diagnostico-clinico","7":"desktop-align-left","8":"tablet-align-left","9":"mobile-align-left","11":"first","12":"instock","13":"virtual","14":"sold-individually","15":"taxable","16":"purchasable","17":"product-type-simple"},"_links":{"self":[{"href":"https:\/\/ons.pe\/wp1\/wp-json\/wp\/v2\/product\/2944","targetHints":{"allow":["GET"]}}],"collection":[{"href":"https:\/\/ons.pe\/wp1\/wp-json\/wp\/v2\/product"}],"about":[{"href":"https:\/\/ons.pe\/wp1\/wp-json\/wp\/v2\/types\/product"}],"replies":[{"embeddable":true,"href":"https:\/\/ons.pe\/wp1\/wp-json\/wp\/v2\/comments?post=2944"}],"wp:featuredmedia":[{"embeddable":true,"href":"https:\/\/ons.pe\/wp1\/wp-json\/wp\/v2\/media\/2962"}],"wp:attachment":[{"href":"https:\/\/ons.pe\/wp1\/wp-json\/wp\/v2\/media?parent=2944"}],"wp:term":[{"taxonomy":"product_brand","embeddable":true,"href":"https:\/\/ons.pe\/wp1\/wp-json\/wp\/v2\/product_brand?post=2944"},{"taxonomy":"product_cat","embeddable":true,"href":"https:\/\/ons.pe\/wp1\/wp-json\/wp\/v2\/product_cat?post=2944"},{"taxonomy":"product_tag","embeddable":true,"href":"https:\/\/ons.pe\/wp1\/wp-json\/wp\/v2\/product_tag?post=2944"}],"curies":[{"name":"wp","href":"https:\/\/api.w.org\/{rel}","templated":true}]}}