{"id":2882,"date":"2021-07-26T21:00:59","date_gmt":"2021-07-27T02:00:59","guid":{"rendered":"https:\/\/ons.pe\/wp1\/?post_type=product&#038;p=2882"},"modified":"2021-07-26T21:10:56","modified_gmt":"2021-07-27T02:10:56","slug":"h05-tercer-molar-como-evitar-complicaciones","status":"publish","type":"product","link":"https:\/\/ons.pe\/wp1\/product\/h05-tercer-molar-como-evitar-complicaciones\/","title":{"rendered":"H05 TERCER MOLAR C\u00d3MO EVITAR COMPLICACIONES"},"content":{"rendered":"<ul>\n<li>Variaciones en la forma de la mand\u00edbula<\/li>\n<li>Relaci\u00f3n estrecha entre el 3\u00bamolar y el conducto dentario<\/li>\n<li>Tercer molar y tabla lingual tomograf\u00eda<\/li>\n<li>Conducto dentario b\u00edfido<\/li>\n<li>Dientes cercanos al conducto dentario inferior<\/li>\n<li>PRF como analg\u00e9sico post extracci\u00f3n de 3\u00bamolar<\/li>\n<li>PRF Fibrina rica en plaquetas posextracci\u00f3n del 3\u00bamolar<\/li>\n<li>Conducto dentario y tercer molar<\/li>\n<li>Previsi\u00f3n complicaciones exodoncia del 3\u00b0molar<\/li>\n<\/ul>\n","protected":false},"excerpt":{"rendered":"<p>Variaciones en la forma de la mand\u00edbula. Relaci\u00f3n estrecha entre el conducto dentario inferior y el tercer molar. Conducto dentario b\u00edfido. Dientes cercanos al conducto dentario inferior. Fibrina rica en plaquetas (PRF-L) en la extracci\u00f3n del tercer molar retenido. Previsi\u00f3n de complicaciones en la extracci\u00f3n del tercer molar.<\/p>\n","protected":false},"featured_media":2902,"comment_status":"closed","ping_status":"closed","template":"","meta":{"site-sidebar-layout":"default","site-content-layout":"default","ast-site-content-layout":"default","site-content-style":"default","site-sidebar-style":"default","ast-global-header-display":"","ast-banner-title-visibility":"","ast-main-header-display":"","ast-hfb-above-header-display":"","ast-hfb-below-header-display":"","ast-hfb-mobile-header-display":"","site-post-title":"","ast-breadcrumbs-content":"","ast-featured-img":"","footer-sml-layout":"","ast-disable-related-posts":"","theme-transparent-header-meta":"default","adv-header-id-meta":"","stick-header-meta":"","header-above-stick-meta":"","header-main-stick-meta":"","header-below-stick-meta":"","astra-migrate-meta-layouts":"default","ast-page-background-enabled":"default","ast-page-background-meta":{"desktop":{"background-color":"","background-image":"","background-repeat":"repeat","background-position":"center center","background-size":"auto","background-attachment":"scroll","background-type":"","background-media":"","overlay-type":"","overlay-color":"","overlay-opacity":"","overlay-gradient":""},"tablet":{"background-color":"","background-image":"","background-repeat":"repeat","background-position":"center center","background-size":"auto","background-attachment":"scroll","background-type":"","background-media":"","overlay-type":"","overlay-color":"","overlay-opacity":"","overlay-gradient":""},"mobile":{"background-color":"","background-image":"","background-repeat":"repeat","background-position":"center center","background-size":"auto","background-attachment":"scroll","background-type":"","background-media":"","overlay-type":"","overlay-color":"","overlay-opacity":"","overlay-gradient":""}},"ast-content-background-meta":{"desktop":{"background-color":"var(--ast-global-color-5)","background-image":"","background-repeat":"repeat","background-position":"center center","background-size":"auto","background-attachment":"scroll","background-type":"","background-media":"","overlay-type":"","overlay-color":"","overlay-opacity":"","overlay-gradient":""},"tablet":{"background-color":"var(--ast-global-color-5)","background-image":"","background-repeat":"repeat","background-position":"center center","background-size":"auto","background-attachment":"scroll","background-type":"","background-media":"","overlay-type":"","overlay-color":"","overlay-opacity":"","overlay-gradient":""},"mobile":{"background-color":"var(--ast-global-color-5)","background-image":"","background-repeat":"repeat","background-position":"center center","background-size":"auto","background-attachment":"scroll","background-type":"","background-media":"","overlay-type":"","overlay-color":"","overlay-opacity":"","overlay-gradient":""}}},"product_brand":[],"product_cat":[28,30],"product_tag":[],"class_list":{"0":"post-2882","1":"product","2":"type-product","3":"status-publish","4":"has-post-thumbnail","6":"product_cat-cirugia-bucal","7":"product_cat-terecer-molar","8":"desktop-align-left","9":"tablet-align-left","10":"mobile-align-left","12":"first","13":"instock","14":"virtual","15":"sold-individually","16":"taxable","17":"purchasable","18":"product-type-simple"},"_links":{"self":[{"href":"https:\/\/ons.pe\/wp1\/wp-json\/wp\/v2\/product\/2882","targetHints":{"allow":["GET"]}}],"collection":[{"href":"https:\/\/ons.pe\/wp1\/wp-json\/wp\/v2\/product"}],"about":[{"href":"https:\/\/ons.pe\/wp1\/wp-json\/wp\/v2\/types\/product"}],"replies":[{"embeddable":true,"href":"https:\/\/ons.pe\/wp1\/wp-json\/wp\/v2\/comments?post=2882"}],"wp:featuredmedia":[{"embeddable":true,"href":"https:\/\/ons.pe\/wp1\/wp-json\/wp\/v2\/media\/2902"}],"wp:attachment":[{"href":"https:\/\/ons.pe\/wp1\/wp-json\/wp\/v2\/media?parent=2882"}],"wp:term":[{"taxonomy":"product_brand","embeddable":true,"href":"https:\/\/ons.pe\/wp1\/wp-json\/wp\/v2\/product_brand?post=2882"},{"taxonomy":"product_cat","embeddable":true,"href":"https:\/\/ons.pe\/wp1\/wp-json\/wp\/v2\/product_cat?post=2882"},{"taxonomy":"product_tag","embeddable":true,"href":"https:\/\/ons.pe\/wp1\/wp-json\/wp\/v2\/product_tag?post=2882"}],"curies":[{"name":"wp","href":"https:\/\/api.w.org\/{rel}","templated":true}]}}