{"id":2813,"date":"2021-07-23T13:35:15","date_gmt":"2021-07-23T18:35:15","guid":{"rendered":"https:\/\/ons.pe\/wp1\/?post_type=product&#038;p=2813"},"modified":"2021-07-23T20:13:48","modified_gmt":"2021-07-24T01:13:48","slug":"h02-tercer-molar-inferior-casos-comunes","status":"publish","type":"product","link":"https:\/\/ons.pe\/wp1\/product\/h02-tercer-molar-inferior-casos-comunes\/","title":{"rendered":"H02 TERCER MOLAR INFERIOR CASOS COMUNES"},"content":{"rendered":"<ul>\n<li>La muela del Juicio<\/li>\n<li>Posiciones tercer molar inferior Diagn\u00f3stico<\/li>\n<li>Tercer molar Preguntas y respuestas<\/li>\n<li>Dise\u00f1o del colgajo<\/li>\n<li>Tercer molar retenido etiolog\u00eda<\/li>\n<li>Cu\u00e1ndo extraer el tercer molar retenido<\/li>\n<li>Predictores radiograficos de erupcion del 3\u00b0molar<\/li>\n<li>Algoritmo para exodoncia de 3\u00b0molar<\/li>\n<li>Cirug\u00eda dientes retenidos<\/li>\n<li>T\u00e9cnica quir\u00fargica b\u00e1sica para extraer el 3\u00bamolar<\/li>\n<li>Extraer o no extraer en Suecia y Gales<\/li>\n<li>Atlas de cirug\u00eda de dientes retenidos<\/li>\n<\/ul>\n","protected":false},"excerpt":{"rendered":"<p>La muela del juicio. Posiciones del tercer molar inferior. Preguntas y respuestas sobre el tercer molar. Dise\u00f1o de colgajos. Etiolog\u00eda del tercer molar retenido. Cu\u00e1ndo extraer el tercer molar retenido. T\u00e9cnica quir\u00fargica para extraer el tercer molar inferior.<\/p>\n","protected":false},"featured_media":2839,"comment_status":"closed","ping_status":"closed","template":"","meta":{"site-sidebar-layout":"default","site-content-layout":"default","ast-site-content-layout":"default","site-content-style":"default","site-sidebar-style":"default","ast-global-header-display":"","ast-banner-title-visibility":"","ast-main-header-display":"","ast-hfb-above-header-display":"","ast-hfb-below-header-display":"","ast-hfb-mobile-header-display":"","site-post-title":"","ast-breadcrumbs-content":"","ast-featured-img":"","footer-sml-layout":"","ast-disable-related-posts":"","theme-transparent-header-meta":"default","adv-header-id-meta":"","stick-header-meta":"","header-above-stick-meta":"","header-main-stick-meta":"","header-below-stick-meta":"","astra-migrate-meta-layouts":"default","ast-page-background-enabled":"default","ast-page-background-meta":{"desktop":{"background-color":"","background-image":"","background-repeat":"repeat","background-position":"center center","background-size":"auto","background-attachment":"scroll","background-type":"","background-media":"","overlay-type":"","overlay-color":"","overlay-opacity":"","overlay-gradient":""},"tablet":{"background-color":"","background-image":"","background-repeat":"repeat","background-position":"center center","background-size":"auto","background-attachment":"scroll","background-type":"","background-media":"","overlay-type":"","overlay-color":"","overlay-opacity":"","overlay-gradient":""},"mobile":{"background-color":"","background-image":"","background-repeat":"repeat","background-position":"center center","background-size":"auto","background-attachment":"scroll","background-type":"","background-media":"","overlay-type":"","overlay-color":"","overlay-opacity":"","overlay-gradient":""}},"ast-content-background-meta":{"desktop":{"background-color":"var(--ast-global-color-5)","background-image":"","background-repeat":"repeat","background-position":"center center","background-size":"auto","background-attachment":"scroll","background-type":"","background-media":"","overlay-type":"","overlay-color":"","overlay-opacity":"","overlay-gradient":""},"tablet":{"background-color":"var(--ast-global-color-5)","background-image":"","background-repeat":"repeat","background-position":"center center","background-size":"auto","background-attachment":"scroll","background-type":"","background-media":"","overlay-type":"","overlay-color":"","overlay-opacity":"","overlay-gradient":""},"mobile":{"background-color":"var(--ast-global-color-5)","background-image":"","background-repeat":"repeat","background-position":"center center","background-size":"auto","background-attachment":"scroll","background-type":"","background-media":"","overlay-type":"","overlay-color":"","overlay-opacity":"","overlay-gradient":""}}},"product_brand":[],"product_cat":[28,30],"product_tag":[],"class_list":{"0":"post-2813","1":"product","2":"type-product","3":"status-publish","4":"has-post-thumbnail","6":"product_cat-cirugia-bucal","7":"product_cat-terecer-molar","8":"desktop-align-left","9":"tablet-align-left","10":"mobile-align-left","12":"first","13":"instock","14":"virtual","15":"sold-individually","16":"taxable","17":"purchasable","18":"product-type-simple"},"_links":{"self":[{"href":"https:\/\/ons.pe\/wp1\/wp-json\/wp\/v2\/product\/2813","targetHints":{"allow":["GET"]}}],"collection":[{"href":"https:\/\/ons.pe\/wp1\/wp-json\/wp\/v2\/product"}],"about":[{"href":"https:\/\/ons.pe\/wp1\/wp-json\/wp\/v2\/types\/product"}],"replies":[{"embeddable":true,"href":"https:\/\/ons.pe\/wp1\/wp-json\/wp\/v2\/comments?post=2813"}],"wp:featuredmedia":[{"embeddable":true,"href":"https:\/\/ons.pe\/wp1\/wp-json\/wp\/v2\/media\/2839"}],"wp:attachment":[{"href":"https:\/\/ons.pe\/wp1\/wp-json\/wp\/v2\/media?parent=2813"}],"wp:term":[{"taxonomy":"product_brand","embeddable":true,"href":"https:\/\/ons.pe\/wp1\/wp-json\/wp\/v2\/product_brand?post=2813"},{"taxonomy":"product_cat","embeddable":true,"href":"https:\/\/ons.pe\/wp1\/wp-json\/wp\/v2\/product_cat?post=2813"},{"taxonomy":"product_tag","embeddable":true,"href":"https:\/\/ons.pe\/wp1\/wp-json\/wp\/v2\/product_tag?post=2813"}],"curies":[{"name":"wp","href":"https:\/\/api.w.org\/{rel}","templated":true}]}}