{"id":2779,"date":"2021-07-22T22:43:14","date_gmt":"2021-07-23T03:43:14","guid":{"rendered":"https:\/\/ons.pe\/wp1\/?post_type=product&#038;p=2779"},"modified":"2021-07-23T20:14:31","modified_gmt":"2021-07-24T01:14:31","slug":"c16-reacciones-de-hipersensibilidad","status":"publish","type":"product","link":"https:\/\/ons.pe\/wp1\/product\/c16-reacciones-de-hipersensibilidad\/","title":{"rendered":"C16 REACCIONES DE HIPERSENSIBILIDAD"},"content":{"rendered":"<ul>\n<li>Reacciones de hipersensibilidad<\/li>\n<li>Urticaria<\/li>\n<li>Urticaria o reacci\u00f3n local d\u00e9rmica<\/li>\n<li>Consenso en tratamiento de urticaria en Andaluc\u00eda Espa\u00f1a<\/li>\n<li>Edema angioneur\u00f3tico<\/li>\n<li>Shock anafil\u00e1ctico<\/li>\n<li>Reacci\u00f3n anafil\u00e1ctica severa por dipirona<\/li>\n<li>Anafilaxia a lidoca\u00edna con tolerancia a la artica\u00edna en ni\u00f1a<\/li>\n<li>Desfibrilador autom\u00e1tico externo DEA<\/li>\n<li>AHA 2018 aspectos destacados<\/li>\n<li>AHA Algorimos 2018 adultos pediatr\u00eda<\/li>\n<li>Atlas de urgencias en Odontolog\u00eda<\/li>\n<\/ul>\n","protected":false},"excerpt":{"rendered":"<p>Reacciones de hipersensibilidad. Urticaria, diagn\u00f3stico y tratamiento. Edema angioneur\u00f3tico. Shock anafil\u00e1ctico. Anafilaxia a lidoca\u00edna. Anafilaxia a dipirona. Desfibrilador autom\u00e1tico externo (DEA). Algoritmos para reanimaci\u00f3n cardiopulmonar (RCP en ni\u00f1os y adultos).<\/p>\n","protected":false},"featured_media":2780,"comment_status":"closed","ping_status":"closed","template":"","meta":{"site-sidebar-layout":"default","site-content-layout":"default","ast-site-content-layout":"default","site-content-style":"default","site-sidebar-style":"default","ast-global-header-display":"","ast-banner-title-visibility":"","ast-main-header-display":"","ast-hfb-above-header-display":"","ast-hfb-below-header-display":"","ast-hfb-mobile-header-display":"","site-post-title":"","ast-breadcrumbs-content":"","ast-featured-img":"","footer-sml-layout":"","ast-disable-related-posts":"","theme-transparent-header-meta":"default","adv-header-id-meta":"","stick-header-meta":"","header-above-stick-meta":"","header-main-stick-meta":"","header-below-stick-meta":"","astra-migrate-meta-layouts":"default","ast-page-background-enabled":"default","ast-page-background-meta":{"desktop":{"background-color":"","background-image":"","background-repeat":"repeat","background-position":"center center","background-size":"auto","background-attachment":"scroll","background-type":"","background-media":"","overlay-type":"","overlay-color":"","overlay-opacity":"","overlay-gradient":""},"tablet":{"background-color":"","background-image":"","background-repeat":"repeat","background-position":"center center","background-size":"auto","background-attachment":"scroll","background-type":"","background-media":"","overlay-type":"","overlay-color":"","overlay-opacity":"","overlay-gradient":""},"mobile":{"background-color":"","background-image":"","background-repeat":"repeat","background-position":"center center","background-size":"auto","background-attachment":"scroll","background-type":"","background-media":"","overlay-type":"","overlay-color":"","overlay-opacity":"","overlay-gradient":""}},"ast-content-background-meta":{"desktop":{"background-color":"var(--ast-global-color-5)","background-image":"","background-repeat":"repeat","background-position":"center center","background-size":"auto","background-attachment":"scroll","background-type":"","background-media":"","overlay-type":"","overlay-color":"","overlay-opacity":"","overlay-gradient":""},"tablet":{"background-color":"var(--ast-global-color-5)","background-image":"","background-repeat":"repeat","background-position":"center center","background-size":"auto","background-attachment":"scroll","background-type":"","background-media":"","overlay-type":"","overlay-color":"","overlay-opacity":"","overlay-gradient":""},"mobile":{"background-color":"var(--ast-global-color-5)","background-image":"","background-repeat":"repeat","background-position":"center center","background-size":"auto","background-attachment":"scroll","background-type":"","background-media":"","overlay-type":"","overlay-color":"","overlay-opacity":"","overlay-gradient":""}}},"product_brand":[],"product_cat":[28],"product_tag":[],"class_list":{"0":"post-2779","1":"product","2":"type-product","3":"status-publish","4":"has-post-thumbnail","6":"product_cat-cirugia-bucal","7":"desktop-align-left","8":"tablet-align-left","9":"mobile-align-left","11":"first","12":"instock","13":"virtual","14":"sold-individually","15":"taxable","16":"purchasable","17":"product-type-simple"},"_links":{"self":[{"href":"https:\/\/ons.pe\/wp1\/wp-json\/wp\/v2\/product\/2779","targetHints":{"allow":["GET"]}}],"collection":[{"href":"https:\/\/ons.pe\/wp1\/wp-json\/wp\/v2\/product"}],"about":[{"href":"https:\/\/ons.pe\/wp1\/wp-json\/wp\/v2\/types\/product"}],"replies":[{"embeddable":true,"href":"https:\/\/ons.pe\/wp1\/wp-json\/wp\/v2\/comments?post=2779"}],"wp:featuredmedia":[{"embeddable":true,"href":"https:\/\/ons.pe\/wp1\/wp-json\/wp\/v2\/media\/2780"}],"wp:attachment":[{"href":"https:\/\/ons.pe\/wp1\/wp-json\/wp\/v2\/media?parent=2779"}],"wp:term":[{"taxonomy":"product_brand","embeddable":true,"href":"https:\/\/ons.pe\/wp1\/wp-json\/wp\/v2\/product_brand?post=2779"},{"taxonomy":"product_cat","embeddable":true,"href":"https:\/\/ons.pe\/wp1\/wp-json\/wp\/v2\/product_cat?post=2779"},{"taxonomy":"product_tag","embeddable":true,"href":"https:\/\/ons.pe\/wp1\/wp-json\/wp\/v2\/product_tag?post=2779"}],"curies":[{"name":"wp","href":"https:\/\/api.w.org\/{rel}","templated":true}]}}