{"id":2671,"date":"2021-07-22T19:18:36","date_gmt":"2021-07-23T00:18:36","guid":{"rendered":"https:\/\/ons.pe\/wp1\/?post_type=product&#038;p=2671"},"modified":"2021-07-23T20:17:28","modified_gmt":"2021-07-24T01:17:28","slug":"c12-complicaciones-durante-la-cirugia","status":"publish","type":"product","link":"https:\/\/ons.pe\/wp1\/product\/c12-complicaciones-durante-la-cirugia\/","title":{"rendered":"C12 COMPLICACIONES DURANTE LA CIRUG\u00cdA"},"content":{"rendered":"<ul>\n<li>Complicaciones post quir\u00fargicas m\u00e1s frecuentes<\/li>\n<li>Extracci\u00f3n del tercer molar fracturado<\/li>\n<li>Cuerpos extra\u00f1os Libro de Oro<\/li>\n<li>Fractura de agujas dentales<\/li>\n<li>Aguja dental rota<\/li>\n<li>Hemorragia y hemostasia de la arteria palatina<\/li>\n<li>Warfarina y la extracci\u00f3n dental Carta al editor<\/li>\n<\/ul>\n","protected":false},"excerpt":{"rendered":"<p>Complicaciones post quir\u00fargicas m\u00e1s frecuentes. Extracci\u00f3n del tercer molar fracturado. Cuerpos extra\u00f1os. Fractura de la aguja dental. Hemorragia de la arteria palatina. Warfarina y la extracci\u00f3n dental.<\/p>\n","protected":false},"featured_media":2690,"comment_status":"closed","ping_status":"closed","template":"","meta":{"site-sidebar-layout":"default","site-content-layout":"default","ast-site-content-layout":"default","site-content-style":"default","site-sidebar-style":"default","ast-global-header-display":"","ast-banner-title-visibility":"","ast-main-header-display":"","ast-hfb-above-header-display":"","ast-hfb-below-header-display":"","ast-hfb-mobile-header-display":"","site-post-title":"","ast-breadcrumbs-content":"","ast-featured-img":"","footer-sml-layout":"","ast-disable-related-posts":"","theme-transparent-header-meta":"default","adv-header-id-meta":"","stick-header-meta":"","header-above-stick-meta":"","header-main-stick-meta":"","header-below-stick-meta":"","astra-migrate-meta-layouts":"default","ast-page-background-enabled":"default","ast-page-background-meta":{"desktop":{"background-color":"","background-image":"","background-repeat":"repeat","background-position":"center center","background-size":"auto","background-attachment":"scroll","background-type":"","background-media":"","overlay-type":"","overlay-color":"","overlay-opacity":"","overlay-gradient":""},"tablet":{"background-color":"","background-image":"","background-repeat":"repeat","background-position":"center center","background-size":"auto","background-attachment":"scroll","background-type":"","background-media":"","overlay-type":"","overlay-color":"","overlay-opacity":"","overlay-gradient":""},"mobile":{"background-color":"","background-image":"","background-repeat":"repeat","background-position":"center center","background-size":"auto","background-attachment":"scroll","background-type":"","background-media":"","overlay-type":"","overlay-color":"","overlay-opacity":"","overlay-gradient":""}},"ast-content-background-meta":{"desktop":{"background-color":"var(--ast-global-color-5)","background-image":"","background-repeat":"repeat","background-position":"center center","background-size":"auto","background-attachment":"scroll","background-type":"","background-media":"","overlay-type":"","overlay-color":"","overlay-opacity":"","overlay-gradient":""},"tablet":{"background-color":"var(--ast-global-color-5)","background-image":"","background-repeat":"repeat","background-position":"center center","background-size":"auto","background-attachment":"scroll","background-type":"","background-media":"","overlay-type":"","overlay-color":"","overlay-opacity":"","overlay-gradient":""},"mobile":{"background-color":"var(--ast-global-color-5)","background-image":"","background-repeat":"repeat","background-position":"center center","background-size":"auto","background-attachment":"scroll","background-type":"","background-media":"","overlay-type":"","overlay-color":"","overlay-opacity":"","overlay-gradient":""}}},"product_brand":[],"product_cat":[28],"product_tag":[],"class_list":{"0":"post-2671","1":"product","2":"type-product","3":"status-publish","4":"has-post-thumbnail","6":"product_cat-cirugia-bucal","7":"desktop-align-left","8":"tablet-align-left","9":"mobile-align-left","11":"first","12":"instock","13":"virtual","14":"sold-individually","15":"taxable","16":"purchasable","17":"product-type-simple"},"_links":{"self":[{"href":"https:\/\/ons.pe\/wp1\/wp-json\/wp\/v2\/product\/2671","targetHints":{"allow":["GET"]}}],"collection":[{"href":"https:\/\/ons.pe\/wp1\/wp-json\/wp\/v2\/product"}],"about":[{"href":"https:\/\/ons.pe\/wp1\/wp-json\/wp\/v2\/types\/product"}],"replies":[{"embeddable":true,"href":"https:\/\/ons.pe\/wp1\/wp-json\/wp\/v2\/comments?post=2671"}],"wp:featuredmedia":[{"embeddable":true,"href":"https:\/\/ons.pe\/wp1\/wp-json\/wp\/v2\/media\/2690"}],"wp:attachment":[{"href":"https:\/\/ons.pe\/wp1\/wp-json\/wp\/v2\/media?parent=2671"}],"wp:term":[{"taxonomy":"product_brand","embeddable":true,"href":"https:\/\/ons.pe\/wp1\/wp-json\/wp\/v2\/product_brand?post=2671"},{"taxonomy":"product_cat","embeddable":true,"href":"https:\/\/ons.pe\/wp1\/wp-json\/wp\/v2\/product_cat?post=2671"},{"taxonomy":"product_tag","embeddable":true,"href":"https:\/\/ons.pe\/wp1\/wp-json\/wp\/v2\/product_tag?post=2671"}],"curies":[{"name":"wp","href":"https:\/\/api.w.org\/{rel}","templated":true}]}}