{"id":2610,"date":"2021-07-22T18:31:17","date_gmt":"2021-07-22T23:31:17","guid":{"rendered":"https:\/\/ons.pe\/wp1\/?post_type=product&#038;p=2610"},"modified":"2021-07-23T20:15:23","modified_gmt":"2021-07-24T01:15:23","slug":"c09-como-preparar-un-cemento-quirurgico","status":"publish","type":"product","link":"https:\/\/ons.pe\/wp1\/product\/c09-como-preparar-un-cemento-quirurgico\/","title":{"rendered":"C09 C\u00d3MO PREPARAR UN CEMENTO QUIR\u00daRGICO"},"content":{"rendered":"<ul>\n<li>Preparaci\u00f3n de los cementos quir\u00fargicos<\/li>\n<li>Cemento con b\u00e1lsamo del Per\u00fa<\/li>\n<li>Pasta iodoformada<\/li>\n<li>Alveolo seco<\/li>\n<li>Yodoformo en cemento de Grossman<\/li>\n<\/ul>\n","protected":false},"excerpt":{"rendered":"<p>F\u00e1rmacos t\u00f3picos de uso odontol\u00f3gico. Preparaci\u00f3n de los cementos quir\u00fargicos. Cemento quir\u00fargico con b\u00e1lsamo del Per\u00fa. Pasta iodoformada. Uso en alveolo seco.<\/p>\n","protected":false},"featured_media":2627,"comment_status":"closed","ping_status":"closed","template":"","meta":{"site-sidebar-layout":"default","site-content-layout":"default","ast-site-content-layout":"default","site-content-style":"default","site-sidebar-style":"default","ast-global-header-display":"","ast-banner-title-visibility":"","ast-main-header-display":"","ast-hfb-above-header-display":"","ast-hfb-below-header-display":"","ast-hfb-mobile-header-display":"","site-post-title":"","ast-breadcrumbs-content":"","ast-featured-img":"","footer-sml-layout":"","ast-disable-related-posts":"","theme-transparent-header-meta":"default","adv-header-id-meta":"","stick-header-meta":"","header-above-stick-meta":"","header-main-stick-meta":"","header-below-stick-meta":"","astra-migrate-meta-layouts":"default","ast-page-background-enabled":"default","ast-page-background-meta":{"desktop":{"background-color":"","background-image":"","background-repeat":"repeat","background-position":"center center","background-size":"auto","background-attachment":"scroll","background-type":"","background-media":"","overlay-type":"","overlay-color":"","overlay-opacity":"","overlay-gradient":""},"tablet":{"background-color":"","background-image":"","background-repeat":"repeat","background-position":"center center","background-size":"auto","background-attachment":"scroll","background-type":"","background-media":"","overlay-type":"","overlay-color":"","overlay-opacity":"","overlay-gradient":""},"mobile":{"background-color":"","background-image":"","background-repeat":"repeat","background-position":"center center","background-size":"auto","background-attachment":"scroll","background-type":"","background-media":"","overlay-type":"","overlay-color":"","overlay-opacity":"","overlay-gradient":""}},"ast-content-background-meta":{"desktop":{"background-color":"var(--ast-global-color-5)","background-image":"","background-repeat":"repeat","background-position":"center center","background-size":"auto","background-attachment":"scroll","background-type":"","background-media":"","overlay-type":"","overlay-color":"","overlay-opacity":"","overlay-gradient":""},"tablet":{"background-color":"var(--ast-global-color-5)","background-image":"","background-repeat":"repeat","background-position":"center center","background-size":"auto","background-attachment":"scroll","background-type":"","background-media":"","overlay-type":"","overlay-color":"","overlay-opacity":"","overlay-gradient":""},"mobile":{"background-color":"var(--ast-global-color-5)","background-image":"","background-repeat":"repeat","background-position":"center center","background-size":"auto","background-attachment":"scroll","background-type":"","background-media":"","overlay-type":"","overlay-color":"","overlay-opacity":"","overlay-gradient":""}}},"product_brand":[],"product_cat":[28],"product_tag":[],"class_list":{"0":"post-2610","1":"product","2":"type-product","3":"status-publish","4":"has-post-thumbnail","6":"product_cat-cirugia-bucal","7":"desktop-align-left","8":"tablet-align-left","9":"mobile-align-left","11":"first","12":"instock","13":"virtual","14":"sold-individually","15":"taxable","16":"purchasable","17":"product-type-simple"},"_links":{"self":[{"href":"https:\/\/ons.pe\/wp1\/wp-json\/wp\/v2\/product\/2610","targetHints":{"allow":["GET"]}}],"collection":[{"href":"https:\/\/ons.pe\/wp1\/wp-json\/wp\/v2\/product"}],"about":[{"href":"https:\/\/ons.pe\/wp1\/wp-json\/wp\/v2\/types\/product"}],"replies":[{"embeddable":true,"href":"https:\/\/ons.pe\/wp1\/wp-json\/wp\/v2\/comments?post=2610"}],"wp:featuredmedia":[{"embeddable":true,"href":"https:\/\/ons.pe\/wp1\/wp-json\/wp\/v2\/media\/2627"}],"wp:attachment":[{"href":"https:\/\/ons.pe\/wp1\/wp-json\/wp\/v2\/media?parent=2610"}],"wp:term":[{"taxonomy":"product_brand","embeddable":true,"href":"https:\/\/ons.pe\/wp1\/wp-json\/wp\/v2\/product_brand?post=2610"},{"taxonomy":"product_cat","embeddable":true,"href":"https:\/\/ons.pe\/wp1\/wp-json\/wp\/v2\/product_cat?post=2610"},{"taxonomy":"product_tag","embeddable":true,"href":"https:\/\/ons.pe\/wp1\/wp-json\/wp\/v2\/product_tag?post=2610"}],"curies":[{"name":"wp","href":"https:\/\/api.w.org\/{rel}","templated":true}]}}