{"id":2345,"date":"2021-07-21T22:26:01","date_gmt":"2021-07-22T03:26:01","guid":{"rendered":"https:\/\/ons.pe\/wp1\/?post_type=product&#038;p=2345"},"modified":"2021-08-05T02:34:42","modified_gmt":"2021-08-05T07:34:42","slug":"b09-osteotomia-con-fresas-y-motor-piezo-electrico","status":"publish","type":"product","link":"https:\/\/ons.pe\/wp1\/product\/b09-osteotomia-con-fresas-y-motor-piezo-electrico\/","title":{"rendered":"B09 OSTEOTOM\u00cdA CON FRESAS Y MOTOR PIEZO EL\u00c9CTRICO"},"content":{"rendered":"<ul>\n<li>B901-1 Ultrasonido quir\u00fargico Principios b\u00e1sicos<\/li>\n<li>B902-1 Ultra sonido quir\u00fargico Como funciona<\/li>\n<li>B903-1 Comportamiento piezo el\u00e9ctrico del hueso<\/li>\n<li>B904-1 Ultrasonido quir\u00fargico Ventajas cl\u00ednicas<\/li>\n<li>B905-1 Extracci\u00f3n 3\u00bamolares con piezo el\u00e9ctrico<\/li>\n<li>B906-1 Fresas Quir\u00fargicas Lindemann vs Zekrya<\/li>\n<li>B907-1 Fresas Quir\u00fargicas para odontosecci\u00f3n<\/li>\n<li>B908-1 Piezo el\u00e9ctrico o ultrasonido quir\u00fargico en cirug\u00eda apical<\/li>\n<li>B909-1 Piezo el\u00e9ctrico aplicaciones en cirug\u00eda oral y maxilofacial<\/li>\n<li>B910-1 Piezoelect reparaci\u00f3n \u00f3sea 3\u00b0molar MB<\/li>\n<li>B911-1 Adiestramient con piezo el\u00e9ctrico (huevo)<\/li>\n<li>B912-1 Piezo el\u00e9ctrico vs rotatorio meta an\u00e1lisis<\/li>\n<\/ul>\n","protected":false},"excerpt":{"rendered":"<p>Principios b\u00e1sicos del efecto piezo el\u00e9ctrico. Ventajas cl\u00ednicas del motor piezo el\u00e9ctrico. Piezo el\u00e9ctrico versus instrumentos rotatorios en cirug\u00eda apical. Fresas quir\u00fargicas usadas para la osteotom\u00eda y odontosecci\u00f3n. Fresas Zekrya versus fresas de Lindemann en odontosecci\u00f3n. Extracci\u00f3n de terceros molares con motor piezo el\u00e9ctrico, ventajas y desventajas.<\/p>\n","protected":false},"featured_media":2370,"comment_status":"closed","ping_status":"closed","template":"","meta":{"site-sidebar-layout":"default","site-content-layout":"default","ast-site-content-layout":"default","site-content-style":"default","site-sidebar-style":"default","ast-global-header-display":"","ast-banner-title-visibility":"","ast-main-header-display":"","ast-hfb-above-header-display":"","ast-hfb-below-header-display":"","ast-hfb-mobile-header-display":"","site-post-title":"","ast-breadcrumbs-content":"","ast-featured-img":"","footer-sml-layout":"","ast-disable-related-posts":"","theme-transparent-header-meta":"default","adv-header-id-meta":"","stick-header-meta":"","header-above-stick-meta":"","header-main-stick-meta":"","header-below-stick-meta":"","astra-migrate-meta-layouts":"default","ast-page-background-enabled":"default","ast-page-background-meta":{"desktop":{"background-color":"","background-image":"","background-repeat":"repeat","background-position":"center center","background-size":"auto","background-attachment":"scroll","background-type":"","background-media":"","overlay-type":"","overlay-color":"","overlay-opacity":"","overlay-gradient":""},"tablet":{"background-color":"","background-image":"","background-repeat":"repeat","background-position":"center center","background-size":"auto","background-attachment":"scroll","background-type":"","background-media":"","overlay-type":"","overlay-color":"","overlay-opacity":"","overlay-gradient":""},"mobile":{"background-color":"","background-image":"","background-repeat":"repeat","background-position":"center center","background-size":"auto","background-attachment":"scroll","background-type":"","background-media":"","overlay-type":"","overlay-color":"","overlay-opacity":"","overlay-gradient":""}},"ast-content-background-meta":{"desktop":{"background-color":"var(--ast-global-color-5)","background-image":"","background-repeat":"repeat","background-position":"center center","background-size":"auto","background-attachment":"scroll","background-type":"","background-media":"","overlay-type":"","overlay-color":"","overlay-opacity":"","overlay-gradient":""},"tablet":{"background-color":"var(--ast-global-color-5)","background-image":"","background-repeat":"repeat","background-position":"center center","background-size":"auto","background-attachment":"scroll","background-type":"","background-media":"","overlay-type":"","overlay-color":"","overlay-opacity":"","overlay-gradient":""},"mobile":{"background-color":"var(--ast-global-color-5)","background-image":"","background-repeat":"repeat","background-position":"center center","background-size":"auto","background-attachment":"scroll","background-type":"","background-media":"","overlay-type":"","overlay-color":"","overlay-opacity":"","overlay-gradient":""}}},"product_brand":[],"product_cat":[28],"product_tag":[],"class_list":{"0":"post-2345","1":"product","2":"type-product","3":"status-publish","4":"has-post-thumbnail","6":"product_cat-cirugia-bucal","7":"desktop-align-left","8":"tablet-align-left","9":"mobile-align-left","11":"first","12":"instock","13":"virtual","14":"sold-individually","15":"taxable","16":"purchasable","17":"product-type-simple"},"_links":{"self":[{"href":"https:\/\/ons.pe\/wp1\/wp-json\/wp\/v2\/product\/2345","targetHints":{"allow":["GET"]}}],"collection":[{"href":"https:\/\/ons.pe\/wp1\/wp-json\/wp\/v2\/product"}],"about":[{"href":"https:\/\/ons.pe\/wp1\/wp-json\/wp\/v2\/types\/product"}],"replies":[{"embeddable":true,"href":"https:\/\/ons.pe\/wp1\/wp-json\/wp\/v2\/comments?post=2345"}],"wp:featuredmedia":[{"embeddable":true,"href":"https:\/\/ons.pe\/wp1\/wp-json\/wp\/v2\/media\/2370"}],"wp:attachment":[{"href":"https:\/\/ons.pe\/wp1\/wp-json\/wp\/v2\/media?parent=2345"}],"wp:term":[{"taxonomy":"product_brand","embeddable":true,"href":"https:\/\/ons.pe\/wp1\/wp-json\/wp\/v2\/product_brand?post=2345"},{"taxonomy":"product_cat","embeddable":true,"href":"https:\/\/ons.pe\/wp1\/wp-json\/wp\/v2\/product_cat?post=2345"},{"taxonomy":"product_tag","embeddable":true,"href":"https:\/\/ons.pe\/wp1\/wp-json\/wp\/v2\/product_tag?post=2345"}],"curies":[{"name":"wp","href":"https:\/\/api.w.org\/{rel}","templated":true}]}}