{"id":2065,"date":"2021-07-16T12:33:43","date_gmt":"2021-07-16T17:33:43","guid":{"rendered":"https:\/\/ons.pe\/wp1\/product\/tercer-molar\/"},"modified":"2021-09-03T22:53:33","modified_gmt":"2021-09-04T03:53:33","slug":"tercer-molar","status":"publish","type":"product","link":"https:\/\/ons.pe\/wp1\/product\/tercer-molar\/","title":{"rendered":"Tercer molar"},"content":{"rendered":"        <!-- wrt_print_rt_wp_responsive_tabs_func -->                \n                \n                \n                            \n            \n              <!-- wrt_print_rt_wp_responsive_tabs_style --><style>\n\n                    .tab_set7 .vresp-tabs-list{margin-left: 0px}\n                    .tab_set7 a{box-shadow:none;border-bottom:none}\n                    .tab_set7 h2heading.resp-tab-active span.resp-arrow{border-bottom:12px solid #428bca}\n                    .tab_set7 .vresp-tab-active span.resp-arrow{border-bottom:12px solid #428bca}\n                    .tab_set7 .resp-arrow{border-top:12px solid #ffffff}\n                    .tab_set7 .resp-tab-content{color:#000000;border:1px solid  #81d742}\n                    .tab_set7 .vresp-tab-item{color:#ffffff;background-color: #00aadd;}\n                    .tab_set7 .vresp-tab-content{color:#000000;border-color: #81d742}\n                    .tab_set7 .vresp-tabs-container{background-color: #ffffff}\n                    .tab_set7 .vresp-tabs-container h2heading{}\n                    .tab_set7 .vresp-tab-active{color:#ffffff;border-color:1px solid  #81d742;margin-right:-1px;margin-top:2px; border-right:none !important}\n                    .tab_set7 .resp-accordion.vresp-tab-active{color:#ffffff;border-color:1px solid  #81d742;margin-right:0px;margin-top:0px; }\n\n                    .tab_set7 .vresp-tab-content-active{color:#000000;background-color:#ffffff }\n                    .wrt_69de04d4e98c1 .resp-accordion{color:#ffffff;}\n                    .wrt_69de04d4e98c1 .resp-accordion.vresp-tab-active{color:#ffffff;border-right:1px solid  #81d742 !important }\n                     .tab_set7 .vresp-tab-item:hover{color:#428bca;background-color: #ffffff;border-left:4px solid  #81d742 !important ;border-top:1px solid  #81d742;border-bottom:1px solid  #81d742;padding:14px 14px;transition:none}\n                     .tab_set7 .vresp-tab-active{color:#428bca;background-color: #ffffff}\n                     \n                    @media only screen and (max-width: 768px) {\n                        \n                        .tab_set7  h2heading{background-color: #00aadd}\n                        .tab_set7 .vresp-tabs-container{background-color:unset }\n                        .tab_set7 .resp-accordion.vresp-tab-active{\n                            \n                           background-color: #ffffff ;\n                            border-top:3px solid #81d742;\n                           margin-top: 0px;\n                           color:#428bca;\n                        }\n                    }\n                    .tab_set7 .resp-accordion.resp-tab-active{\n                            \n                           background-color: #ffffff ;\n                           border-top:3px solid #81d742;\n                           margin-top: 0px;\n                           color:#428bca;\n                        }\n                        .tab_set7 .resp-accordion.resp-tab-active:first-child{\n                            \n                           border-top:4px solid #81d742;\n                         \n                        }\n                        \n                                                    .tab_set7 .resp-tab-content-active{\n\n                                background-color: #ffffff ;\n                            }\n\n                             .tab_set7 .resp-accordion{\n\n                                 background-color:#00aadd;\n                                 color:#ffffff;\n                             }\n                                         <\/style><!-- end wrt_print_rt_wp_responsive_tabs_style -->\n\n          \n                \n       \n                              \n            \n                        <div id=\"7_Tab\" class=\"wrt_69de04d4e98c1 7_Tab\" style=\"visibility: hidden\" > <div data-tabido=\"tab_set7\" id=\"tab_set7_overlay\" class=\"overlay_\" style=\"background: #fff url('https:\/\/ons.pe\/wp1\/wp-content\/plugins\/responsive-horizontal-vertical-and-accordion-tabs\/images\/bx_loader.gif') no-repeat scroll 50% 50%;\" ><\/div><div id=\"tab_set7\" class=\"tab_set7\"><ul  class=\"resp-tabs-list  hor_tab_set7\"><li data-isajaxloaded=\"0\" data-tabid=\"48\">TERCER MOLAR \u2013 DIAGN\u00d3STICO PRE QUIR\u00daRGICO<\/li><li data-isajaxloaded=\"0\" data-tabid=\"49\">TERCER MOLAR INFERIOR \u2013 CASOS COMUNES<\/li><li data-isajaxloaded=\"0\" data-tabid=\"50\">TERCER MOLAR INFERIOR \u2013 CASOS COMPLEJOS<\/li><li data-isajaxloaded=\"0\" data-tabid=\"51\">EXTRACCI\u00d3N DEL TERCER MOLAR SUPERIOR<\/li><li data-isajaxloaded=\"0\" data-tabid=\"52\">TERCER MOLAR \u2013 C\u00d3MO EVITAR COMPLICACIONES<\/li><li data-isajaxloaded=\"0\" data-tabid=\"53\">TERCER MOLAR \u2013 C\u00d3MO RESOLVER COMPLICACIONES<\/li><li data-isajaxloaded=\"0\" data-tabid=\"54\">TERCER MOLAR \u2013 GERMECTOM\u00cdA Y TRASPLANTE DENTARIO<\/li><\/ul><div class=\" resp-tabs-container hor_tab_set7\"><div id=\"tab_tab_set7_48\"><p>C\u00f3mo leer una radiograf\u00eda panor\u00e1mica. Localizaci\u00f3n de dientes retenidos. Posiciones del tercer molar inferior. Preguntas y respuestas sobre el tercer molar. Reglas de Oro para extraer dientes retenidos. Consentimiento informado para extraer terceros molares. Dientes cercanos al conducto dentario inferior. Predictores radiogr\u00e1ficos para la erupci\u00f3n del tercer molar.<\/p>\n<\/div><div id=\"tab_tab_set7_49\"><p><strong>La muela del juicio<\/strong>. Posiciones del tercer molar inferior. Preguntas y respuestas sobre el tercer molar. Dise\u00f1o de colgajos. Etiolog\u00eda del tercer molar retenido. Cu\u00e1ndo extraer el tercer molar retenido. T\u00e9cnica quir\u00fargica para extraer el tercer molar inferior.<\/p>\n<\/div><div id=\"tab_tab_set7_50\"><p>T\u00e9cnicas quir\u00fargicas. Extracci\u00f3n del tercer molar fracturado. Cl\u00ednica y patolog\u00eda del tercer molar retenido. Importancia del trayecto del conducto dentario inferior.<\/p>\n<\/div><div id=\"tab_tab_set7_51\"><p>Extracci\u00f3n del tercer molar superior. Caso cl\u00ednico de extracci\u00f3n de tercer molar superior retenido. Tercer molar superior invertido \u2013 video. Comunicaci\u00f3n bucosinusal post extracci\u00f3n del tercer molar superior. Atlas de cirug\u00eda de dientes retenidos. <\/p>\n<\/div><div id=\"tab_tab_set7_52\"><p>Variaciones en la forma de la mand\u00edbula. Relaci\u00f3n estrecha entre el conducto dentario inferior y el tercer molar. Conducto dentario b\u00edfido. Dientes cercanos al conducto dentario inferior. Fibrina rica en plaquetas (PRF-L) en la extracci\u00f3n del tercer molar retenido. Previsi\u00f3n de complicaciones en la extracci\u00f3n del tercer molar.<\/p>\n<\/div><div id=\"tab_tab_set7_53\"><p>Tips para la extracci\u00f3n del tercer molar retenido. Causas de hospitalizaci\u00f3n despu\u00e9s de la extracci\u00f3n de terceros molares. Predicci\u00f3n de lesi\u00f3n neural con la radiograf\u00eda panor\u00e1mica. Preguntas y respuestas sobre lesiones neurales y vasculares.<\/p>\n<\/div><div id=\"tab_tab_set7_54\"><p><strong>Germectom\u00eda <\/strong>de terceros molares inferiores. Trasplante de terceros molares inferiores. Remoci\u00f3n profil\u00e1ctica de terceros molares con patolog\u00eda. M\u00e9todo de extracci\u00f3n del tercer molar en dos tiempos.<\/p>\n<\/div><\/div><\/div><\/div>         \n            <!-- wrt_print_rt_wp_responsive_tabs_script --><script type=\"text\/javascript\">\n\n                              \n                var interval_69de04d4e9afe = setInterval(function() {\n\n                 if(document.readyState === 'complete') {\n                     \n                    clearInterval(interval_69de04d4e9afe);\n                   \n                     jQuery('.tab_set7').easyResponsiveTabs({\n\n                          type: 'accordion', \/\/Types: default, vertical, accordion\n                          width: 'auto', \/\/auto or any width like 600px\n                          fit: true, \/\/ 100% fit in a container\n                          closed: 'accordion', \/\/ Start closed if in accordion view\n                          tabidentify: 'hor_tab_set7', \/\/ The tab groups identifier\n                          active_border_color: '#81d742',\n                          active_content_border_color: '#81d742',\n                          activetab_bg: '#ffffff',\n                          inactive_bg: '#00aadd'\n\n                      });\n\n                     \n                    \n                                            \n                        setTimeout(function(){ \n                        \n                        \n                         \n                         jQuery(\".tab_set7\").find('[data-tabid=\"48\"]:first').trigger('click');\n                          jQuery(\".tab_set7\").css('visibility', 'visible'); \n\n                        }, 800);\n\n                        \n                        \n                        \n                        \n                  \n                  \n                      \n                   }    \n                }, 100); \n                   \n            <\/script><!-- end wrt_print_rt_wp_responsive_tabs_script -->\n         \n               \n                \n<!-- end wrt_print_rt_wp_responsive_tabs_func -->\n    \n","protected":false},"excerpt":{"rendered":"<p>CONTENIDO:<br \/>\nTERCER MOLAR \u2013 DIAGN\u00d3STICO PRE QUIR\u00daRGICO<br \/>\nTERCER MOLAR INFERIOR \u2013 CASOS COMUNES<br \/>\nTERCER MOLAR INFERIOR \u2013 CASOS COMPLEJOS<br \/>\nEXTRACCI\u00d3N DEL TERCER MOLAR SUPERIOR<br \/>\nTERCER MOLAR \u2013 C\u00d3MO EVITAR COMPLICACIONES<br \/>\nTERCER MOLAR \u2013 C\u00d3MO RESOLVER COMPLICACIONES<br \/>\nTERCER MOLAR \u2013 GERMECTOM\u00cdA Y TRASPLANTE DENTARIO<\/p>\n","protected":false},"featured_media":2066,"comment_status":"closed","ping_status":"closed","template":"","meta":{"site-sidebar-layout":"default","site-content-layout":"default","ast-site-content-layout":"default","site-content-style":"default","site-sidebar-style":"default","ast-global-header-display":"","ast-banner-title-visibility":"","ast-main-header-display":"","ast-hfb-above-header-display":"","ast-hfb-below-header-display":"","ast-hfb-mobile-header-display":"","site-post-title":"","ast-breadcrumbs-content":"","ast-featured-img":"","footer-sml-layout":"","ast-disable-related-posts":"","theme-transparent-header-meta":"default","adv-header-id-meta":"","stick-header-meta":"","header-above-stick-meta":"","header-main-stick-meta":"","header-below-stick-meta":"","astra-migrate-meta-layouts":"default","ast-page-background-enabled":"default","ast-page-background-meta":{"desktop":{"background-color":"","background-image":"","background-repeat":"repeat","background-position":"center center","background-size":"auto","background-attachment":"scroll","background-type":"","background-media":"","overlay-type":"","overlay-color":"","overlay-opacity":"","overlay-gradient":""},"tablet":{"background-color":"","background-image":"","background-repeat":"repeat","background-position":"center center","background-size":"auto","background-attachment":"scroll","background-type":"","background-media":"","overlay-type":"","overlay-color":"","overlay-opacity":"","overlay-gradient":""},"mobile":{"background-color":"","background-image":"","background-repeat":"repeat","background-position":"center center","background-size":"auto","background-attachment":"scroll","background-type":"","background-media":"","overlay-type":"","overlay-color":"","overlay-opacity":"","overlay-gradient":""}},"ast-content-background-meta":{"desktop":{"background-color":"var(--ast-global-color-5)","background-image":"","background-repeat":"repeat","background-position":"center center","background-size":"auto","background-attachment":"scroll","background-type":"","background-media":"","overlay-type":"","overlay-color":"","overlay-opacity":"","overlay-gradient":""},"tablet":{"background-color":"var(--ast-global-color-5)","background-image":"","background-repeat":"repeat","background-position":"center center","background-size":"auto","background-attachment":"scroll","background-type":"","background-media":"","overlay-type":"","overlay-color":"","overlay-opacity":"","overlay-gradient":""},"mobile":{"background-color":"var(--ast-global-color-5)","background-image":"","background-repeat":"repeat","background-position":"center center","background-size":"auto","background-attachment":"scroll","background-type":"","background-media":"","overlay-type":"","overlay-color":"","overlay-opacity":"","overlay-gradient":""}}},"product_brand":[],"product_cat":[28,38,30],"product_tag":[],"class_list":{"0":"post-2065","1":"product","2":"type-product","3":"status-publish","4":"has-post-thumbnail","6":"product_cat-cirugia-bucal","7":"product_cat-curso-integral","8":"product_cat-terecer-molar","9":"desktop-align-left","10":"tablet-align-left","11":"mobile-align-left","13":"first","14":"instock","15":"featured","16":"virtual","17":"sold-individually","18":"taxable","19":"purchasable","20":"product-type-simple"},"_links":{"self":[{"href":"https:\/\/ons.pe\/wp1\/wp-json\/wp\/v2\/product\/2065","targetHints":{"allow":["GET"]}}],"collection":[{"href":"https:\/\/ons.pe\/wp1\/wp-json\/wp\/v2\/product"}],"about":[{"href":"https:\/\/ons.pe\/wp1\/wp-json\/wp\/v2\/types\/product"}],"replies":[{"embeddable":true,"href":"https:\/\/ons.pe\/wp1\/wp-json\/wp\/v2\/comments?post=2065"}],"wp:featuredmedia":[{"embeddable":true,"href":"https:\/\/ons.pe\/wp1\/wp-json\/wp\/v2\/media\/2066"}],"wp:attachment":[{"href":"https:\/\/ons.pe\/wp1\/wp-json\/wp\/v2\/media?parent=2065"}],"wp:term":[{"taxonomy":"product_brand","embeddable":true,"href":"https:\/\/ons.pe\/wp1\/wp-json\/wp\/v2\/product_brand?post=2065"},{"taxonomy":"product_cat","embeddable":true,"href":"https:\/\/ons.pe\/wp1\/wp-json\/wp\/v2\/product_cat?post=2065"},{"taxonomy":"product_tag","embeddable":true,"href":"https:\/\/ons.pe\/wp1\/wp-json\/wp\/v2\/product_tag?post=2065"}],"curies":[{"name":"wp","href":"https:\/\/api.w.org\/{rel}","templated":true}]}}