{"id":1113,"date":"2021-07-11T21:25:22","date_gmt":"2021-07-12T02:25:22","guid":{"rendered":"https:\/\/ons.pe\/wp1\/product\/cirugia-bucal-para-el-consultorio-ii\/"},"modified":"2021-09-03T23:02:33","modified_gmt":"2021-09-04T04:02:33","slug":"cirugia-bucal-para-el-consultorio-ii","status":"publish","type":"product","link":"https:\/\/ons.pe\/wp1\/product\/cirugia-bucal-para-el-consultorio-ii\/","title":{"rendered":"Cirug\u00eda bucal para el consultorio II"},"content":{"rendered":"        <!-- wrt_print_rt_wp_responsive_tabs_func -->                \n                \n                \n                            \n            \n              <!-- wrt_print_rt_wp_responsive_tabs_style --><style>\n\n                    .tab_set2 .vresp-tabs-list{margin-left: 0px}\n                    .tab_set2 a{box-shadow:none;border-bottom:none}\n                    .tab_set2 h2heading.resp-tab-active span.resp-arrow{border-bottom:12px solid #428bca}\n                    .tab_set2 .vresp-tab-active span.resp-arrow{border-bottom:12px solid #428bca}\n                    .tab_set2 .resp-arrow{border-top:12px solid #ffffff}\n                    .tab_set2 .resp-tab-content{color:#000000;border:1px solid  #81d742}\n                    .tab_set2 .vresp-tab-item{color:#ffffff;background-color: #00aadd;}\n                    .tab_set2 .vresp-tab-content{color:#000000;border-color: #81d742}\n                    .tab_set2 .vresp-tabs-container{background-color: #ffffff}\n                    .tab_set2 .vresp-tabs-container h2heading{}\n                    .tab_set2 .vresp-tab-active{color:#ffffff;border-color:1px solid  #81d742;margin-right:-1px;margin-top:2px; border-right:none !important}\n                    .tab_set2 .resp-accordion.vresp-tab-active{color:#ffffff;border-color:1px solid  #81d742;margin-right:0px;margin-top:0px; }\n\n                    .tab_set2 .vresp-tab-content-active{color:#000000;background-color:#ffffff }\n                    .wrt_69dee34aba70d .resp-accordion{color:#ffffff;}\n                    .wrt_69dee34aba70d .resp-accordion.vresp-tab-active{color:#ffffff;border-right:1px solid  #81d742 !important }\n                     .tab_set2 .vresp-tab-item:hover{color:#428bca;background-color: #ffffff;border-left:4px solid  #81d742 !important ;border-top:1px solid  #81d742;border-bottom:1px solid  #81d742;padding:14px 14px;transition:none}\n                     .tab_set2 .vresp-tab-active{color:#428bca;background-color: #ffffff}\n                     \n                    @media only screen and (max-width: 768px) {\n                        \n                        .tab_set2  h2heading{background-color: #00aadd}\n                        .tab_set2 .vresp-tabs-container{background-color:unset }\n                        .tab_set2 .resp-accordion.vresp-tab-active{\n                            \n                           background-color: #ffffff ;\n                            border-top:3px solid #81d742;\n                           margin-top: 0px;\n                           color:#428bca;\n                        }\n                    }\n                    .tab_set2 .resp-accordion.resp-tab-active{\n                            \n                           background-color: #ffffff ;\n                           border-top:3px solid #81d742;\n                           margin-top: 0px;\n                           color:#428bca;\n                        }\n                        .tab_set2 .resp-accordion.resp-tab-active:first-child{\n                            \n                           border-top:4px solid #81d742;\n                         \n                        }\n                        \n                                                    .tab_set2 .resp-tab-content-active{\n\n                                background-color: #ffffff ;\n                            }\n\n                             .tab_set2 .resp-accordion{\n\n                                 background-color:#00aadd;\n                                 color:#ffffff;\n                             }\n                                         <\/style><!-- end wrt_print_rt_wp_responsive_tabs_style -->\n\n          \n                \n       \n                              \n            \n                        <div id=\"2_Tab\" class=\"wrt_69dee34aba70d 2_Tab\" style=\"visibility: hidden\" > <div data-tabido=\"tab_set2\" id=\"tab_set2_overlay\" class=\"overlay_\" style=\"background: #fff url('https:\/\/ons.pe\/wp1\/wp-content\/plugins\/responsive-horizontal-vertical-and-accordion-tabs\/images\/bx_loader.gif') no-repeat scroll 50% 50%;\" ><\/div><div id=\"tab_set2\" class=\"tab_set2\"><ul  class=\"resp-tabs-list  hor_tab_set2\"><li data-isajaxloaded=\"0\" data-tabid=\"25\">REACCIONES DE HIPERSENSIBILIDAD<\/li><li data-isajaxloaded=\"0\" data-tabid=\"22\">COMUNICACI\u00d3N BUCOSINUSAL<\/li><li data-isajaxloaded=\"0\" data-tabid=\"23\">QUISTES DE LOS MAXILARES<\/li><li data-isajaxloaded=\"0\" data-tabid=\"24\">RA\u00cdCES Y CUERPOS EXTRA\u00d1OS EN EL SENO Y SINUSITIS MAXILAR<\/li><li data-isajaxloaded=\"0\" data-tabid=\"20\">CIRUG\u00cdA TRANSPROT\u00c9SICA<\/li><li data-isajaxloaded=\"0\" data-tabid=\"21\">COMPLICACIONES DURANTE LA CIRUG\u00cdA<\/li><li data-isajaxloaded=\"0\" data-tabid=\"19\">EXTRACCI\u00d3N SIMPLE Y COMPLEJA<\/li><li data-isajaxloaded=\"0\" data-tabid=\"17\">ALVEOLITIS SECA<\/li><li data-isajaxloaded=\"0\" data-tabid=\"18\">C\u00d3MO PREPARAR UN CEMENTO QUIR\u00daRGICO<\/li><li data-isajaxloaded=\"0\" data-tabid=\"14\">APICECTOM\u00cdA I: T\u00c9CNICAS B\u00c1SICAS<\/li><li data-isajaxloaded=\"0\" data-tabid=\"15\">APICECTOM\u00cdA II: T\u00c9CNICAS AVANZADAS<\/li><li data-isajaxloaded=\"0\" data-tabid=\"16\">ALVEOLITIS H\u00daMEDA<\/li><li data-isajaxloaded=\"0\" data-tabid=\"12\">MESIODENS Y OTROS DIENTES SUPERNUMERARIOS<\/li><li data-isajaxloaded=\"0\" data-tabid=\"13\">FRENECTOM\u00cdA<\/li><li data-isajaxloaded=\"0\" data-tabid=\"10\">ASEPSIA EN EL AMBIENTE QUIR\u00daRGICO<\/li><li data-isajaxloaded=\"0\" data-tabid=\"11\">CANINO RETENIDO<\/li><\/ul><div class=\" resp-tabs-container hor_tab_set2\"><div id=\"tab_tab_set2_25\"><p>Reacciones de hipersensibilidad. Urticaria, diagn\u00f3stico y tratamiento. Edema angioneur\u00f3tico. Shock anafil\u00e1ctico. Anafilaxia a lidoca\u00edna. Anafilaxia a dipirona. Desfibrilador autom\u00e1tico externo (DEA). Algoritmos para reanimaci\u00f3n cardiopulmonar (RCP en ni\u00f1os y adultos).<\/p>\n<\/div><div id=\"tab_tab_set2_22\"><p>Diagn\u00f3stico. Prueba cl\u00ednica de Valsalva. Manejo quir\u00fargico de la comunicaci\u00f3n bucosinusal. Cierre pl\u00e1stico con la bola adiposa de Bichat.<\/p>\n<\/div><div id=\"tab_tab_set2_23\"><p>Tomograf\u00eda de tumores y quistes maxilares. Quiste radicular y quiste dent\u00edgero. Dientes asociados con quistes y tumores. Tercer molar y quistes maxilares. Cirug\u00eda guiada para extraer un quiste dent\u00edgero. Transformaci\u00f3n maligna de un quiste dent\u00edgero.<\/p>\n<\/div><div id=\"tab_tab_set2_24\"><p>Extracci\u00f3n de implantes dentro del seno maxilar. Extracci\u00f3n de ra\u00edces dentales dentro del seno maxilar. Sinusitis odont\u00f3gena y naso sinusitis maxilar. <\/p>\n<\/div><div id=\"tab_tab_set2_20\"><p>Cirug\u00eda de los tejidos blandos de la boca. Cirug\u00eda de los tejidos duros de la boca. Frenectom\u00eda. Atlas de cirug\u00eda bucal y pr\u00f3tesis.<\/p>\n<\/div><div id=\"tab_tab_set2_21\"><p>Complicaciones post quir\u00fargicas m\u00e1s frecuentes. Extracci\u00f3n del tercer molar fracturado. Cuerpos extra\u00f1os. Fractura de la aguja dental. Hemorragia de la arteria palatina. Warfarina y la extracci\u00f3n dental.<\/p>\n<\/div><div id=\"tab_tab_set2_19\"><p>C\u00f3mo se produce el efecto anest\u00e9sico. Exodoncia m\u00ednimamente traum\u00e1tica. Exodoncia convencional versus exodoncia m\u00ednimamente traum\u00e1tica. Dise\u00f1o del colgajo. Profilaxis antibi\u00f3tica y endocarditis bacteriana. Extracci\u00f3n dental con peri\u00f3tomo vs piezo el\u00e9ctrico. Atlas de cirug\u00eda bucal y pr\u00f3tesis.<\/p>\n<\/div><div id=\"tab_tab_set2_17\"><p>Diagn\u00f3stico de la alveolitis seca. Tratamiento con ap\u00f3sitos quir\u00fargicos. F\u00e1rmacos t\u00f3picos de uso odontol\u00f3gico. Cementos quir\u00fargicos. Preparaci\u00f3n de gasa iodoformada. Preparaci\u00f3n de cemento quir\u00fargico con b\u00e1lsamo del Per\u00fa. Alternativas de tratamiento. <\/p>\n<\/div><div id=\"tab_tab_set2_18\"><p>F\u00e1rmacos t\u00f3picos de uso odontol\u00f3gico. Preparaci\u00f3n de los cementos quir\u00fargicos. Cemento quir\u00fargico con b\u00e1lsamo del Per\u00fa. Pasta iodoformada. Uso en alveolo seco.<\/p>\n<\/div><div id=\"tab_tab_set2_14\"><p>Tomograf\u00eda computarizada en endodoncia. Apicectom\u00eda con la t\u00e9cnica de Partsch. Apicectom\u00eda con la t\u00e9cnica de Khoury. Biomateriales usados en cirug\u00eda apical. Coloquios sobre apicectom\u00eda. Cirug\u00eda apical con o sin endodoncia previa. Atlas de cirug\u00eda endod\u00f3ncica.<\/p>\n<\/div><div id=\"tab_tab_set2_15\"><p>Patolog\u00edas en la zona apical dentaria. Uso del motor piezo el\u00e9ctrico en cirug\u00eda apical. Fibrina rica en plaquetas (PRF-L) en cirug\u00eda apical. Reimplante dentario. For\u00e1menes apicales m\u00faltiples identificados con microscopio. Precisi\u00f3n de la cirug\u00eda apical con una f\u00e9rula 3D (cirug\u00eda guiada).<\/p>\n<\/div><div id=\"tab_tab_set2_16\"><p>Diagn\u00f3stico y tratamiento. La hinchaz\u00f3n facial producida por trauma o infecci\u00f3n. Infecciones graves de origen dentario. Bacterias anaerobias en infecciones dentarias. Lesiones cut\u00e1neas faciales de origen dentario. Angina de Ludwig. Trombosis del seno cavernoso. Mediastinitis necrotizante de origen dentario.<\/p>\n<\/div><div id=\"tab_tab_set2_12\"><p>Cu\u00e1ndo extraer un mesiodens. Malformaciones dentarias. Preguntas y respuestas sobre dientes supernumerarios. Cirug\u00eda guiada para la extracci\u00f3n de mesiodens. Clasificaci\u00f3n, prevalencia y ubicaci\u00f3n de los dientes supernumerarios. S\u00edndrome de Treacher-Collins.<\/p>\n<\/div><div id=\"tab_tab_set2_13\"><p>Anquiloglosia en el beb\u00e9. Anquiloglosia en la infancia. T\u00e9cnicas quir\u00fargicas. Casos cl\u00ednicos variados. Preguntas y respuestas sobre frenectom\u00eda. Frenectom\u00eda lingual en reci\u00e9n nacidos. Evaluaci\u00f3n de frenillos en beb\u00e9s.<\/p>\n<\/div><div id=\"tab_tab_set2_10\"><p>Principios de planeamiento quir\u00fargico. T\u00e9cnica as\u00e9ptica en el ambiente quir\u00fargico. Aislamiento del cirujano. Preparaci\u00f3n de la mesa quir\u00fargica. Aislamiento del paciente. Inicio de la operaci\u00f3n o acto quir\u00fargico. Antisepsia, desinfecci\u00f3n y esterilizaci\u00f3n. Cetilpiridinio antiviral contra la influenza. Nuevo dispositivo ultravioleta UV para desinfecci\u00f3n de lapiceros y celulares.<\/p>\n<\/div><div id=\"tab_tab_set2_11\"><p>C\u00f3mo leer la tomograf\u00eda de un canino retenido. Opciones de tratamiento para los dientes retenidos. Manejo quir\u00fargico del canino retenido. Extracci\u00f3n de caninos retenidos previo diagnostico tomogr\u00e1fico. Diagn\u00f3stico ortod\u00f3ncico y quir\u00fargico. Tracci\u00f3n ortod\u00f3ncica. Extracci\u00f3n de dientes en el ment\u00f3n. Atlas de cirug\u00eda y ortodoncia. Atlas de cirug\u00eda de dientes retenidos.<\/p>\n<\/div><\/div><\/div><\/div>         \n            <!-- wrt_print_rt_wp_responsive_tabs_script --><script type=\"text\/javascript\">\n\n                              \n                var interval_69dee34abaa61 = setInterval(function() {\n\n                 if(document.readyState === 'complete') {\n                     \n                    clearInterval(interval_69dee34abaa61);\n                   \n                     jQuery('.tab_set2').easyResponsiveTabs({\n\n                          type: 'accordion', \/\/Types: default, vertical, accordion\n                          width: 'auto', \/\/auto or any width like 600px\n                          fit: true, \/\/ 100% fit in a container\n                          closed: 'accordion', \/\/ Start closed if in accordion view\n                          tabidentify: 'hor_tab_set2', \/\/ The tab groups identifier\n                          active_border_color: '#81d742',\n                          active_content_border_color: '#81d742',\n                          activetab_bg: '#ffffff',\n                          inactive_bg: '#00aadd'\n\n                      });\n\n                     \n                    \n                                            \n                        setTimeout(function(){ \n                        \n                        \n                         \n                         jQuery(\".tab_set2\").find('[data-tabid=\"\"]:first').trigger('click');\n                          jQuery(\".tab_set2\").css('visibility', 'visible'); \n\n                        }, 800);\n\n                        \n                        \n                        \n                        \n                  \n                  \n                      \n                   }    \n                }, 100); \n                   \n            <\/script><!-- end wrt_print_rt_wp_responsive_tabs_script -->\n         \n               \n                \n<!-- end wrt_print_rt_wp_responsive_tabs_func -->\n    \n","protected":false},"excerpt":{"rendered":"<p>CONTENIDO:<br \/>\nC101 Planeamiento Quir\u00fargico Principios<br \/>\nC102 T\u00e9cnica as\u00e9ptica en el ambiente quir\u00fargico<br \/>\nC103 Parte 1 Aislamiento del cirujano<br \/>\nC104 Parte 2 Preparaci\u00f3n de la mesa quir\u00fargica<br \/>\nC105 Parte 3 Aislamiento del paciente<br \/>\nC106 Parte 4 Inicio de la operaci\u00f3n o acto quir\u00fargico<br \/>\nC107 Antisepsia desinfecci\u00f3n esterilizaci\u00f3n<br \/>\nC108 Cetilpiridinio antiviral contra influenza Popkin<br \/>\nC109 Nuevo dispositivo UV para desinfectar lapiceros<\/p>\n","protected":false},"featured_media":1109,"comment_status":"closed","ping_status":"closed","template":"","meta":{"site-sidebar-layout":"default","site-content-layout":"default","ast-site-content-layout":"default","site-content-style":"default","site-sidebar-style":"default","ast-global-header-display":"","ast-banner-title-visibility":"","ast-main-header-display":"","ast-hfb-above-header-display":"","ast-hfb-below-header-display":"","ast-hfb-mobile-header-display":"","site-post-title":"","ast-breadcrumbs-content":"","ast-featured-img":"","footer-sml-layout":"","ast-disable-related-posts":"","theme-transparent-header-meta":"default","adv-header-id-meta":"","stick-header-meta":"","header-above-stick-meta":"","header-main-stick-meta":"","header-below-stick-meta":"","astra-migrate-meta-layouts":"default","ast-page-background-enabled":"default","ast-page-background-meta":{"desktop":{"background-color":"","background-image":"","background-repeat":"repeat","background-position":"center center","background-size":"auto","background-attachment":"scroll","background-type":"","background-media":"","overlay-type":"","overlay-color":"","overlay-opacity":"","overlay-gradient":""},"tablet":{"background-color":"","background-image":"","background-repeat":"repeat","background-position":"center center","background-size":"auto","background-attachment":"scroll","background-type":"","background-media":"","overlay-type":"","overlay-color":"","overlay-opacity":"","overlay-gradient":""},"mobile":{"background-color":"","background-image":"","background-repeat":"repeat","background-position":"center center","background-size":"auto","background-attachment":"scroll","background-type":"","background-media":"","overlay-type":"","overlay-color":"","overlay-opacity":"","overlay-gradient":""}},"ast-content-background-meta":{"desktop":{"background-color":"var(--ast-global-color-5)","background-image":"","background-repeat":"repeat","background-position":"center center","background-size":"auto","background-attachment":"scroll","background-type":"","background-media":"","overlay-type":"","overlay-color":"","overlay-opacity":"","overlay-gradient":""},"tablet":{"background-color":"var(--ast-global-color-5)","background-image":"","background-repeat":"repeat","background-position":"center center","background-size":"auto","background-attachment":"scroll","background-type":"","background-media":"","overlay-type":"","overlay-color":"","overlay-opacity":"","overlay-gradient":""},"mobile":{"background-color":"var(--ast-global-color-5)","background-image":"","background-repeat":"repeat","background-position":"center center","background-size":"auto","background-attachment":"scroll","background-type":"","background-media":"","overlay-type":"","overlay-color":"","overlay-opacity":"","overlay-gradient":""}}},"product_brand":[],"product_cat":[28,38],"product_tag":[],"class_list":{"0":"post-1113","1":"product","2":"type-product","3":"status-publish","4":"has-post-thumbnail","6":"product_cat-cirugia-bucal","7":"product_cat-curso-integral","8":"desktop-align-left","9":"tablet-align-left","10":"mobile-align-left","12":"first","13":"instock","14":"featured","15":"virtual","16":"sold-individually","17":"taxable","18":"purchasable","19":"product-type-simple"},"_links":{"self":[{"href":"https:\/\/ons.pe\/wp1\/wp-json\/wp\/v2\/product\/1113","targetHints":{"allow":["GET"]}}],"collection":[{"href":"https:\/\/ons.pe\/wp1\/wp-json\/wp\/v2\/product"}],"about":[{"href":"https:\/\/ons.pe\/wp1\/wp-json\/wp\/v2\/types\/product"}],"replies":[{"embeddable":true,"href":"https:\/\/ons.pe\/wp1\/wp-json\/wp\/v2\/comments?post=1113"}],"wp:featuredmedia":[{"embeddable":true,"href":"https:\/\/ons.pe\/wp1\/wp-json\/wp\/v2\/media\/1109"}],"wp:attachment":[{"href":"https:\/\/ons.pe\/wp1\/wp-json\/wp\/v2\/media?parent=1113"}],"wp:term":[{"taxonomy":"product_brand","embeddable":true,"href":"https:\/\/ons.pe\/wp1\/wp-json\/wp\/v2\/product_brand?post=1113"},{"taxonomy":"product_cat","embeddable":true,"href":"https:\/\/ons.pe\/wp1\/wp-json\/wp\/v2\/product_cat?post=1113"},{"taxonomy":"product_tag","embeddable":true,"href":"https:\/\/ons.pe\/wp1\/wp-json\/wp\/v2\/product_tag?post=1113"}],"curies":[{"name":"wp","href":"https:\/\/api.w.org\/{rel}","templated":true}]}}