{"id":562,"date":"2021-04-05T19:06:24","date_gmt":"2021-04-06T00:06:24","guid":{"rendered":"https:\/\/ons.pe\/wp1\/?page_id=562"},"modified":"2021-04-06T13:16:04","modified_gmt":"2021-04-06T18:16:04","slug":"pagina-de-login","status":"publish","type":"page","link":"https:\/\/ons.pe\/wp1\/pagina-de-login\/","title":{"rendered":"P\u00e1gina de Login"},"content":{"rendered":"\t\t<div data-elementor-type=\"wp-page\" data-elementor-id=\"562\" class=\"elementor elementor-562\">\n\t\t\t\t\t\t<section class=\"elementor-section elementor-top-section elementor-element elementor-element-d578c1c elementor-section-height-min-height elementor-section-boxed elementor-section-height-default elementor-section-items-middle\" data-id=\"d578c1c\" data-element_type=\"section\" data-e-type=\"section\" data-settings=\"{&quot;background_background&quot;:&quot;classic&quot;}\">\n\t\t\t\t\t\t\t<div class=\"elementor-background-overlay\"><\/div>\n\t\t\t\t\t\t\t<div class=\"elementor-container elementor-column-gap-no\">\n\t\t\t\t\t<div class=\"elementor-column elementor-col-100 elementor-top-column elementor-element elementor-element-b90a6e6\" data-id=\"b90a6e6\" data-element_type=\"column\" data-e-type=\"column\" data-settings=\"{&quot;background_background&quot;:&quot;gradient&quot;}\">\n\t\t\t<div class=\"elementor-widget-wrap elementor-element-populated\">\n\t\t\t\t\t\t<div class=\"elementor-element elementor-element-70b4546 elementor-widget elementor-widget-heading\" data-id=\"70b4546\" data-element_type=\"widget\" data-e-type=\"widget\" data-widget_type=\"heading.default\">\n\t\t\t\t<div class=\"elementor-widget-container\">\n\t\t\t\t\t<h2 class=\"elementor-heading-title elementor-size-default\">INGRESAR<\/h2>\t\t\t\t<\/div>\n\t\t\t\t<\/div>\n\t\t\t\t<div class=\"elementor-element elementor-element-a57c3ae elementor-widget elementor-widget-shortcode\" data-id=\"a57c3ae\" data-element_type=\"widget\" data-e-type=\"widget\" data-widget_type=\"shortcode.default\">\n\t\t\t\t<div class=\"elementor-widget-container\">\n\t\t\t\t\t\t\t<div class=\"elementor-shortcode\">\t<div class=\"lwa lwa-default\">        <form class=\"lwa-form\" action=\"https:\/\/ons.pe\/wp1\/wp-login.php?template=default\" method=\"post\">\r\n        \t<div>\r\n        \t<span class=\"lwa-status\"><\/span>\r\n            <table>\r\n                <tr class=\"lwa-username\">\r\n                    <td class=\"lwa-username-label\">\r\n                        <label>Nombre de usuario<\/label>\r\n                    <\/td>\r\n                    <td class=\"lwa-username-input\">\r\n                        <input type=\"text\" name=\"log\" \/>\r\n                    <\/td>\r\n                <\/tr>\r\n                <tr class=\"lwa-password\">\r\n                    <td class=\"lwa-password-label\">\r\n                        <label>Contrase\u00f1a<\/label>\r\n                    <\/td>\r\n                    <td class=\"lwa-password-input\">\r\n                        <input type=\"password\" name=\"pwd\" \/>\r\n                    <\/td>\r\n                <\/tr>\r\n                <tr><td colspan=\"2\"><\/td><\/tr>\r\n                <tr class=\"lwa-submit\">\r\n                    <td class=\"lwa-submit-button\">\r\n                        <input type=\"submit\" name=\"wp-submit\" id=\"lwa_wp-submit\" value=\"Acceder\" tabindex=\"100\" \/>\r\n                        <input type=\"hidden\" name=\"lwa_profile_link\" value=\"1\" \/>\r\n                        <input type=\"hidden\" name=\"login-with-ajax\" value=\"login\" \/>\r\n\t\t\t\t\t\t                    <\/td>\r\n                    <td class=\"lwa-submit-links\">\r\n                        <input name=\"rememberme\" type=\"checkbox\" class=\"lwa-rememberme\" value=\"forever\" \/> <label>Recu\u00e9rdame<\/label>\r\n                        <br \/>\r\n\t\t\t\t\t\t\t\t\t\t\t\t<a class=\"lwa-links-remember\" href=\"https:\/\/ons.pe\/wp1\/pagina-de-login\/lost-password\/?template=default\" title=\"Recupera tu contrase\u00f1a perdida\">\u00bfOlvidaste la contrase\u00f1a?<\/a>\r\n\t\t\t\t\t\t                        \t\t\t\t\t\t<br \/>\r\n\t\t\t\t\t\t<a href=\"https:\/\/ons.pe\/wp1\/wp-login.php?action=register&#038;template=default\" class=\"lwa-links-register lwa-links-modal\">Reg\u00edstrate<\/a>\r\n                                            <\/td>\r\n                <\/tr>\r\n            <\/table>\r\n            <\/div>\r\n        <\/form>\r\n                <form class=\"lwa-remember\" action=\"https:\/\/ons.pe\/wp1\/pagina-de-login\/lost-password\/?template=default\" method=\"post\" style=\"display:none;\">\r\n        \t<div>\r\n        \t<span class=\"lwa-status\"><\/span>\r\n            <table>\r\n                <tr>\r\n                    <td>\r\n                        <strong>Contrase\u00f1a olvidada<\/strong>         \r\n                    <\/td>\r\n                <\/tr>\r\n                <tr>\r\n                    <td class=\"lwa-remember-email\">  \r\n                                                <input type=\"text\" name=\"user_login\" class=\"lwa-user-remember\" value=\"Introduce tu nombre de usuario o correo electr\u00f3nico\" onfocus=\"if(this.value == 'Introduce tu nombre de usuario o correo electr\u00f3nico'){this.value = '';}\" onblur=\"if(this.value == ''){this.value = 'Introduce tu nombre de usuario o correo electr\u00f3nico'}\" \/>\r\n                                            <\/td>\r\n                <\/tr>\r\n                <tr>\r\n                    <td class=\"lwa-remember-buttons\">\r\n                        <input type=\"submit\" value=\"Obtener nueva contrase\u00f1a\" class=\"lwa-button-remember\" \/>\r\n                        <a href=\"#\" class=\"lwa-links-remember-cancel\">Cancelar<\/a>\r\n                        <input type=\"hidden\" name=\"login-with-ajax\" value=\"remember\" \/>\r\n                    <\/td>\r\n                <\/tr>\r\n            <\/table>\r\n            <\/div>\r\n        <\/form>\r\n        \t\t\t\t<div class=\"lwa-register lwa-register-default lwa-modal\" style=\"display:none;\">\r\n\t\t\t<h4>Registrarse en este sitio<\/h4>\r\n\t\t\t<p><em class=\"lwa-register-tip\">Se enviar\u00e1 la contrase\u00f1a a tu correo electr\u00f3nico.<\/em><\/p>\r\n\t\t\t<form class=\"lwa-register-form\" action=\"https:\/\/ons.pe\/wp1\/wp-login.php?action=register&#038;template=default\" method=\"post\">\r\n\t\t\t\t<div>\r\n\t\t\t\t<span class=\"lwa-status\"><\/span>\r\n\t\t\t\t<p class=\"lwa-username\">\r\n\t\t\t\t\t<label>Nombre de usuario<br \/>\r\n\t\t\t\t\t<input type=\"text\" name=\"user_login\" id=\"user_login\" class=\"input\" size=\"20\" tabindex=\"10\" \/><\/label>\r\n\t\t\t\t<\/p>\r\n\t\t\t\t<p class=\"lwa-email\">\r\n\t\t\t\t\t<label>Correo electr\u00f3nico<br \/>\r\n\t\t\t\t\t<input type=\"text\" name=\"user_email\" id=\"user_email\" class=\"input\" size=\"25\" tabindex=\"20\" \/><\/label>\r\n\t\t\t\t<\/p>\r\n\t\t\t\t\t\t\t\t\t\t\t\t<p class=\"submit\">\r\n\t\t\t\t\t<input type=\"submit\" name=\"wp-submit\" id=\"wp-submit\" class=\"button-primary\" value=\"Reg\u00edstrate\" tabindex=\"100\" \/>\r\n\t\t\t\t<\/p>\r\n\t\t        <input type=\"hidden\" name=\"login-with-ajax\" value=\"register\" \/>\r\n\t\t        <\/div>\r\n\t\t\t<\/form>\r\n\t\t<\/div>\r\n\t\t\t<\/div><\/div>\n\t\t\t\t\t\t<\/div>\n\t\t\t\t<\/div>\n\t\t\t\t\t<\/div>\n\t\t<\/div>\n\t\t\t\t\t<\/div>\n\t\t<\/section>\n\t\t\t\t<\/div>\n\t\t","protected":false},"excerpt":{"rendered":"<p>INGRESAR<\/p>\n","protected":false},"author":1,"featured_media":0,"parent":0,"menu_order":0,"comment_status":"closed","ping_status":"closed","template":"","meta":{"site-sidebar-layout":"no-sidebar","site-content-layout":"page-builder","ast-site-content-layout":"default","site-content-style":"default","site-sidebar-style":"default","ast-global-header-display":"","ast-banner-title-visibility":"","ast-main-header-display":"","ast-hfb-above-header-display":"","ast-hfb-below-header-display":"","ast-hfb-mobile-header-display":"","site-post-title":"disabled","ast-breadcrumbs-content":"","ast-featured-img":"disabled","footer-sml-layout":"","ast-disable-related-posts":"","theme-transparent-header-meta":"default","adv-header-id-meta":"","stick-header-meta":"","header-above-stick-meta":"","header-main-stick-meta":"","header-below-stick-meta":"","astra-migrate-meta-layouts":"default","ast-page-background-enabled":"default","ast-page-background-meta":{"desktop":{"background-color":"","background-image":"","background-repeat":"repeat","background-position":"center center","background-size":"auto","background-attachment":"scroll","background-type":"","background-media":"","overlay-type":"","overlay-color":"","overlay-opacity":"","overlay-gradient":""},"tablet":{"background-color":"","background-image":"","background-repeat":"repeat","background-position":"center center","background-size":"auto","background-attachment":"scroll","background-type":"","background-media":"","overlay-type":"","overlay-color":"","overlay-opacity":"","overlay-gradient":""},"mobile":{"background-color":"","background-image":"","background-repeat":"repeat","background-position":"center center","background-size":"auto","background-attachment":"scroll","background-type":"","background-media":"","overlay-type":"","overlay-color":"","overlay-opacity":"","overlay-gradient":""}},"ast-content-background-meta":{"desktop":{"background-color":"var(--ast-global-color-5)","background-image":"","background-repeat":"repeat","background-position":"center center","background-size":"auto","background-attachment":"scroll","background-type":"","background-media":"","overlay-type":"","overlay-color":"","overlay-opacity":"","overlay-gradient":""},"tablet":{"background-color":"var(--ast-global-color-5)","background-image":"","background-repeat":"repeat","background-position":"center center","background-size":"auto","background-attachment":"scroll","background-type":"","background-media":"","overlay-type":"","overlay-color":"","overlay-opacity":"","overlay-gradient":""},"mobile":{"background-color":"var(--ast-global-color-5)","background-image":"","background-repeat":"repeat","background-position":"center center","background-size":"auto","background-attachment":"scroll","background-type":"","background-media":"","overlay-type":"","overlay-color":"","overlay-opacity":"","overlay-gradient":""}},"footnotes":""},"class_list":["post-562","page","type-page","status-publish","hentry"],"_links":{"self":[{"href":"https:\/\/ons.pe\/wp1\/wp-json\/wp\/v2\/pages\/562","targetHints":{"allow":["GET"]}}],"collection":[{"href":"https:\/\/ons.pe\/wp1\/wp-json\/wp\/v2\/pages"}],"about":[{"href":"https:\/\/ons.pe\/wp1\/wp-json\/wp\/v2\/types\/page"}],"author":[{"embeddable":true,"href":"https:\/\/ons.pe\/wp1\/wp-json\/wp\/v2\/users\/1"}],"replies":[{"embeddable":true,"href":"https:\/\/ons.pe\/wp1\/wp-json\/wp\/v2\/comments?post=562"}],"version-history":[{"count":16,"href":"https:\/\/ons.pe\/wp1\/wp-json\/wp\/v2\/pages\/562\/revisions"}],"predecessor-version":[{"id":617,"href":"https:\/\/ons.pe\/wp1\/wp-json\/wp\/v2\/pages\/562\/revisions\/617"}],"wp:attachment":[{"href":"https:\/\/ons.pe\/wp1\/wp-json\/wp\/v2\/media?parent=562"}],"curies":[{"name":"wp","href":"https:\/\/api.w.org\/{rel}","templated":true}]}}