{"id":542,"date":"2021-04-05T18:13:27","date_gmt":"2021-04-05T23:13:27","guid":{"rendered":"https:\/\/ons.pe\/wp1\/cursos\/"},"modified":"2021-04-05T18:41:50","modified_gmt":"2021-04-05T23:41:50","slug":"cursos","status":"publish","type":"page","link":"https:\/\/ons.pe\/wp1\/cursos\/","title":{"rendered":"Cursos"},"content":{"rendered":"\t\t<div data-elementor-type=\"wp-page\" data-elementor-id=\"542\" class=\"elementor elementor-542\">\n\t\t\t\t\t\t<section class=\"elementor-section elementor-top-section elementor-element elementor-element-5ba8f59 elementor-section-boxed elementor-section-height-default elementor-section-height-default\" data-id=\"5ba8f59\" data-element_type=\"section\" data-e-type=\"section\">\n\t\t\t\t\t\t<div class=\"elementor-container elementor-column-gap-default\">\n\t\t\t\t\t<div class=\"elementor-column elementor-col-100 elementor-top-column elementor-element elementor-element-642eb04\" data-id=\"642eb04\" data-element_type=\"column\" data-e-type=\"column\">\n\t\t\t<div class=\"elementor-widget-wrap elementor-element-populated\">\n\t\t\t\t\t\t<div class=\"elementor-element elementor-element-f7b5d59 elementor-grid-eael-col-3 elementor-grid-tablet-eael-col-2 elementor-grid-mobile-eael-col-1 elementor-widget elementor-widget-eael-post-grid\" data-id=\"f7b5d59\" data-element_type=\"widget\" data-e-type=\"widget\" data-settings=\"{&quot;eael_post_grid_columns&quot;:&quot;eael-col-3&quot;,&quot;eael_post_grid_columns_tablet&quot;:&quot;eael-col-2&quot;,&quot;eael_post_grid_columns_mobile&quot;:&quot;eael-col-1&quot;}\" data-widget_type=\"eael-post-grid.default\">\n\t\t\t\t<div class=\"elementor-widget-container\">\n\t\t\t\t\t<div id=\"eael-post-grid-f7b5d59\" class=\"eael-post-grid-container\">\n            <div class=\"eael-post-grid eael-post-appender eael-post-appender-f7b5d59 eael-post-grid-style-one\" data-layout-mode=\"grid\"><article class=\"eael-grid-post  eael-post-grid-column eael-pg-post-3807\" data-id=\"3807\">\n        <div class=\"eael-grid-post-holder\">\n            <div class=\"eael-grid-post-holder-inner\"><div class=\"eael-entry-media\"><div class=\"eael-entry-overlay fade-in\"><i class=\"fas fa-book-reader\" aria-hidden=\"true\"><\/i><a href=\"https:\/\/ons.pe\/wp1\/lp-courses\/diplomado\/diplomado-implantologia-oral\/\"><\/a><\/div><div class=\"eael-entry-thumbnail \">\n                <img fetchpriority=\"high\" decoding=\"async\" width=\"300\" height=\"300\" src=\"https:\/\/ons.pe\/wp1\/wp-content\/uploads\/2026\/03\/Portada-implentologia-oral-300x300.jpeg\" class=\"attachment-medium size-medium wp-image-3880\" alt=\"\" srcset=\"https:\/\/ons.pe\/wp1\/wp-content\/uploads\/2026\/03\/Portada-implentologia-oral-300x300.jpeg 300w, https:\/\/ons.pe\/wp1\/wp-content\/uploads\/2026\/03\/Portada-implentologia-oral-1024x1024.jpeg 1024w, https:\/\/ons.pe\/wp1\/wp-content\/uploads\/2026\/03\/Portada-implentologia-oral-150x150.jpeg 150w, https:\/\/ons.pe\/wp1\/wp-content\/uploads\/2026\/03\/Portada-implentologia-oral-768x768.jpeg 768w, https:\/\/ons.pe\/wp1\/wp-content\/uploads\/2026\/03\/Portada-implentologia-oral-600x600.jpeg 600w, https:\/\/ons.pe\/wp1\/wp-content\/uploads\/2026\/03\/Portada-implentologia-oral-100x100.jpeg 100w, https:\/\/ons.pe\/wp1\/wp-content\/uploads\/2026\/03\/Portada-implentologia-oral-64x64.jpeg 64w, https:\/\/ons.pe\/wp1\/wp-content\/uploads\/2026\/03\/Portada-implentologia-oral.jpeg 1080w\" sizes=\"(max-width: 300px) 100vw, 300px\" \/>\n            <\/div>\n        <\/div><div class=\"eael-entry-wrapper\"><header class=\"eael-entry-header\"><h2 class=\"eael-entry-title\"><a class=\"eael-grid-post-link\" href=\"https:\/\/ons.pe\/wp1\/lp-courses\/diplomado\/diplomado-implantologia-oral\/\" title=\"Diplomado &#8211; Implantolog\u00eda Oral\">Diplomado &#8211; Implantolog\u00eda Oral<\/a><\/h2><\/header><div class=\"eael-entry-content\">\n                        <div class=\"eael-grid-post-excerpt\"><a href=\"https:\/\/ons.pe\/wp1\/lp-courses\/diplomado\/diplomado-implantologia-oral\/\" class=\"eael-post-elements-readmore-btn\">M\u00e1s informaci\u00f3n<\/a><\/div>\n                    <\/div><div class=\"eael-entry-footer\"><div class=\"eael-entry-meta\"><\/div><\/div><\/div><\/div>\n        <\/div>\n    <\/article><article class=\"eael-grid-post  eael-post-grid-column eael-pg-post-3559\" data-id=\"3559\">\n        <div class=\"eael-grid-post-holder\">\n            <div class=\"eael-grid-post-holder-inner\"><div class=\"eael-entry-media\"><div class=\"eael-entry-overlay fade-in\"><i class=\"fas fa-book-reader\" aria-hidden=\"true\"><\/i><a href=\"https:\/\/ons.pe\/wp1\/lp-courses\/infecciones\/g07-infecciones-faciales-tratamiento-quirurgico\/\"><\/a><\/div><div class=\"eael-entry-thumbnail \">\n                <img decoding=\"async\" width=\"300\" height=\"300\" src=\"https:\/\/ons.pe\/wp1\/wp-content\/uploads\/2021\/08\/g07-infecciones-faciales-tratamiento-quirurgico-300x300.jpg\" class=\"attachment-medium size-medium wp-image-3573\" alt=\"\" srcset=\"https:\/\/ons.pe\/wp1\/wp-content\/uploads\/2021\/08\/g07-infecciones-faciales-tratamiento-quirurgico-300x300.jpg 300w, https:\/\/ons.pe\/wp1\/wp-content\/uploads\/2021\/08\/g07-infecciones-faciales-tratamiento-quirurgico-150x150.jpg 150w, https:\/\/ons.pe\/wp1\/wp-content\/uploads\/2021\/08\/g07-infecciones-faciales-tratamiento-quirurgico-100x100.jpg 100w, https:\/\/ons.pe\/wp1\/wp-content\/uploads\/2021\/08\/g07-infecciones-faciales-tratamiento-quirurgico.jpg 500w\" sizes=\"(max-width: 300px) 100vw, 300px\" \/>\n            <\/div>\n        <\/div><div class=\"eael-entry-wrapper\"><header class=\"eael-entry-header\"><h2 class=\"eael-entry-title\"><a class=\"eael-grid-post-link\" href=\"https:\/\/ons.pe\/wp1\/lp-courses\/infecciones\/g07-infecciones-faciales-tratamiento-quirurgico\/\" title=\"G07 INFECCIONES FACIALES TRATAMIENTO QUIR\u00daRGICO\">G07 INFECCIONES FACIALES TRATAMIENTO QUIR\u00daRGICO<\/a><\/h2><\/header><div class=\"eael-entry-content\">\n                        <div class=\"eael-grid-post-excerpt\"><a href=\"https:\/\/ons.pe\/wp1\/lp-courses\/infecciones\/g07-infecciones-faciales-tratamiento-quirurgico\/\" class=\"eael-post-elements-readmore-btn\">M\u00e1s informaci\u00f3n<\/a><\/div>\n                    <\/div><div class=\"eael-entry-footer\"><div class=\"eael-entry-meta\"><\/div><\/div><\/div><\/div>\n        <\/div>\n    <\/article><article class=\"eael-grid-post  eael-post-grid-column eael-pg-post-3538\" data-id=\"3538\">\n        <div class=\"eael-grid-post-holder\">\n            <div class=\"eael-grid-post-holder-inner\"><div class=\"eael-entry-media\"><div class=\"eael-entry-overlay fade-in\"><i class=\"fas fa-book-reader\" aria-hidden=\"true\"><\/i><a href=\"https:\/\/ons.pe\/wp1\/lp-courses\/infecciones\/g06-infecciones-faciales-tratamiento-antibiotico\/\"><\/a><\/div><div class=\"eael-entry-thumbnail \">\n                <img decoding=\"async\" width=\"300\" height=\"300\" src=\"https:\/\/ons.pe\/wp1\/wp-content\/uploads\/2021\/08\/g06-infecciones-faciales-tratamiento-antibiotico-300x300.jpg\" class=\"attachment-medium size-medium wp-image-3558\" alt=\"\" srcset=\"https:\/\/ons.pe\/wp1\/wp-content\/uploads\/2021\/08\/g06-infecciones-faciales-tratamiento-antibiotico-300x300.jpg 300w, https:\/\/ons.pe\/wp1\/wp-content\/uploads\/2021\/08\/g06-infecciones-faciales-tratamiento-antibiotico-150x150.jpg 150w, https:\/\/ons.pe\/wp1\/wp-content\/uploads\/2021\/08\/g06-infecciones-faciales-tratamiento-antibiotico-100x100.jpg 100w, https:\/\/ons.pe\/wp1\/wp-content\/uploads\/2021\/08\/g06-infecciones-faciales-tratamiento-antibiotico.jpg 500w\" sizes=\"(max-width: 300px) 100vw, 300px\" \/>\n            <\/div>\n        <\/div><div class=\"eael-entry-wrapper\"><header class=\"eael-entry-header\"><h2 class=\"eael-entry-title\"><a class=\"eael-grid-post-link\" href=\"https:\/\/ons.pe\/wp1\/lp-courses\/infecciones\/g06-infecciones-faciales-tratamiento-antibiotico\/\" title=\"G06 INFECCIONES FACIALES TRATAMIENTO ANTIBI\u00d3TICO\">G06 INFECCIONES FACIALES TRATAMIENTO ANTIBI\u00d3TICO<\/a><\/h2><\/header><div class=\"eael-entry-content\">\n                        <div class=\"eael-grid-post-excerpt\"><a href=\"https:\/\/ons.pe\/wp1\/lp-courses\/infecciones\/g06-infecciones-faciales-tratamiento-antibiotico\/\" class=\"eael-post-elements-readmore-btn\">M\u00e1s informaci\u00f3n<\/a><\/div>\n                    <\/div><div class=\"eael-entry-footer\"><div class=\"eael-entry-meta\"><\/div><\/div><\/div><\/div>\n        <\/div>\n    <\/article><\/div>\n            <div class=\"clearfix\"><\/div>\n        <\/div>            <div class=\"eael-load-more-button-wrap eael-force-hide\">\n                <button class=\"eael-load-more-button\" id=\"eael-load-more-btn-f7b5d59\" data-widget-id=\"f7b5d59\" data-widget=\"f7b5d59\" data-page-id=\"542\" data-template=\"{&quot;dir&quot;:&quot;lite&quot;,&quot;file_name&quot;:&quot;one.php&quot;,&quot;name&quot;:&quot;Post-Grid&quot;}\" data-class=\"Essential_Addons_Elementor\\Elements\\Post_Grid\" data-layout=\"grid\" data-page=\"1\" data-args=\"orderby=date&amp;order=desc&amp;ignore_sticky_posts=1&amp;post_status=publish&amp;posts_per_page=3&amp;offset=0&amp;post_type=lp_course\" data-max-page=\"23\">\n                    <span class=\"eael-btn-loader button__loader\"><\/span>\n                    <span class=\"eael_load_more_text\">Load More<\/span>\n                <\/button>\n            <\/div>\n            \t\t\t\t<\/div>\n\t\t\t\t<\/div>\n\t\t\t\t\t<\/div>\n\t\t<\/div>\n\t\t\t\t\t<\/div>\n\t\t<\/section>\n\t\t\t\t<\/div>\n\t\t","protected":false},"excerpt":{"rendered":"<p>Implantolog\u00eda y Planificaci\u00f3n digital M\u00e1s informaci\u00f3n Sample course M\u00e1s informaci\u00f3n<\/p>\n","protected":false},"author":1,"featured_media":0,"parent":0,"menu_order":0,"comment_status":"closed","ping_status":"closed","template":"","meta":{"site-sidebar-layout":"no-sidebar","site-content-layout":"page-builder","ast-site-content-layout":"default","site-content-style":"default","site-sidebar-style":"default","ast-global-header-display":"","ast-banner-title-visibility":"","ast-main-header-display":"","ast-hfb-above-header-display":"","ast-hfb-below-header-display":"","ast-hfb-mobile-header-display":"","site-post-title":"disabled","ast-breadcrumbs-content":"","ast-featured-img":"disabled","footer-sml-layout":"","ast-disable-related-posts":"","theme-transparent-header-meta":"","adv-header-id-meta":"","stick-header-meta":"","header-above-stick-meta":"","header-main-stick-meta":"","header-below-stick-meta":"","astra-migrate-meta-layouts":"default","ast-page-background-enabled":"default","ast-page-background-meta":{"desktop":{"background-color":"","background-image":"","background-repeat":"repeat","background-position":"center center","background-size":"auto","background-attachment":"scroll","background-type":"","background-media":"","overlay-type":"","overlay-color":"","overlay-opacity":"","overlay-gradient":""},"tablet":{"background-color":"","background-image":"","background-repeat":"repeat","background-position":"center center","background-size":"auto","background-attachment":"scroll","background-type":"","background-media":"","overlay-type":"","overlay-color":"","overlay-opacity":"","overlay-gradient":""},"mobile":{"background-color":"","background-image":"","background-repeat":"repeat","background-position":"center center","background-size":"auto","background-attachment":"scroll","background-type":"","background-media":"","overlay-type":"","overlay-color":"","overlay-opacity":"","overlay-gradient":""}},"ast-content-background-meta":{"desktop":{"background-color":"var(--ast-global-color-5)","background-image":"","background-repeat":"repeat","background-position":"center center","background-size":"auto","background-attachment":"scroll","background-type":"","background-media":"","overlay-type":"","overlay-color":"","overlay-opacity":"","overlay-gradient":""},"tablet":{"background-color":"var(--ast-global-color-5)","background-image":"","background-repeat":"repeat","background-position":"center center","background-size":"auto","background-attachment":"scroll","background-type":"","background-media":"","overlay-type":"","overlay-color":"","overlay-opacity":"","overlay-gradient":""},"mobile":{"background-color":"var(--ast-global-color-5)","background-image":"","background-repeat":"repeat","background-position":"center center","background-size":"auto","background-attachment":"scroll","background-type":"","background-media":"","overlay-type":"","overlay-color":"","overlay-opacity":"","overlay-gradient":""}},"footnotes":""},"class_list":["post-542","page","type-page","status-publish","hentry"],"_links":{"self":[{"href":"https:\/\/ons.pe\/wp1\/wp-json\/wp\/v2\/pages\/542","targetHints":{"allow":["GET"]}}],"collection":[{"href":"https:\/\/ons.pe\/wp1\/wp-json\/wp\/v2\/pages"}],"about":[{"href":"https:\/\/ons.pe\/wp1\/wp-json\/wp\/v2\/types\/page"}],"author":[{"embeddable":true,"href":"https:\/\/ons.pe\/wp1\/wp-json\/wp\/v2\/users\/1"}],"replies":[{"embeddable":true,"href":"https:\/\/ons.pe\/wp1\/wp-json\/wp\/v2\/comments?post=542"}],"version-history":[{"count":12,"href":"https:\/\/ons.pe\/wp1\/wp-json\/wp\/v2\/pages\/542\/revisions"}],"predecessor-version":[{"id":560,"href":"https:\/\/ons.pe\/wp1\/wp-json\/wp\/v2\/pages\/542\/revisions\/560"}],"wp:attachment":[{"href":"https:\/\/ons.pe\/wp1\/wp-json\/wp\/v2\/media?parent=542"}],"curies":[{"name":"wp","href":"https:\/\/api.w.org\/{rel}","templated":true}]}}